{"id":1083,"date":"2017-03-28T15:22:00","date_gmt":"2017-03-28T15:22:00","guid":{"rendered":"http:\/\/es.acre.fullcircle.es\/?page_id=1083"},"modified":"2020-10-26T04:12:36","modified_gmt":"2020-10-26T09:12:36","slug":"politica-de-cookies","status":"publish","type":"page","link":"https:\/\/old.grupoacre.pe\/es\/politica-de-cookies\/","title":{"rendered":"Pol\u00edtica de Cookies"},"content":{"rendered":"<p>Este sitio web utiliza cookies, unos peque\u00f1os archivos de texto que el servidor env\u00eda al ordenador de quien accede a la p\u00e1gina. Se trata de una t\u00e9cnica usada de manera habitual en Internet para llevar a cabo determinadas funciones que son consideradas imprescindibles para el correcto funcionamiento y visualizaci\u00f3n del sitio.<\/p>\n<p>Pueden guardar la identificaci\u00f3n del usuario que visita el sitio web y los sitios por los que navega. En ning\u00fan caso se utilizar\u00e1n las cookies para recoger informaci\u00f3n de car\u00e1cter personal. Si no autoriza el uso de cookies puede que algunas funcionalidades o servicios del sitio web no est\u00e9n disponibles.<\/p>\n<p>Grupo ACRE utiliza varios tipos de cookies, las nuestras propias o llamadas t\u00e9cnicas nos permiten identificar los usuarios registrados cuando vuelven al sitio para que puedan recuperar resultados de su actividad anterior ahorrando tiempo y evitando la necesidad de volver a introducir la misma informaci\u00f3n. Tambi\u00e9n nos ofrecen proteger su seguridad mediante la comprobaci\u00f3n de los datos de inicio de sesi\u00f3n<\/p>\n<p>Tambi\u00e9n utilizamos cookies de colaboradores externos que nos permiten analizar estad\u00edsticamente la informaci\u00f3n a la que acceden los usuarios en la web de Grupo ACRE. Los datos recopilados pueden incluir la actividad del navegador del usuario cuando nos visita, la ruta que siguen los usuarios en nuestro sitio, informaci\u00f3n del proveedor de servicios de Internet del visitante, el n\u00famero de veces que los usuarios acceden al sitio y el comportamiento de los usuarios en nuestro sitio (p\u00e1ginas visitadas, formularios completados, etc).<\/p>\n<p>Desde el sitio web es posible que se redirija a contenidos de terceros sitios web. Dado que no se puede controlar siempre los contenidos introducidos por los terceros en sus sitios web, \u00e9ste no asume ning\u00fan tipo de responsabilidad respecto a dichos contenidos. En todo caso, Grupo ACRE se compromete a la retirada inmediata de cualquier contenido que pudiera contravenir la legislaci\u00f3n nacional o internacional, la moral o el orden p\u00fablico, procediendo a la retirada inmediata de la redirecci\u00f3n a dicho sitio web, poniendo en conocimiento de las autoridades competentes el contenido en cuesti\u00f3n.<\/p>\n<p>Usted puede revocar su consentimiento a la utilizaci\u00f3n de cookies elimin\u00e1ndolas por medio de las opciones que le ofrece su navegador. Tambi\u00e9n puede configurar su navegador para que le informe previamente de la posible instalaci\u00f3n de cookies o optar por que se supriman autom\u00e1ticamente una vez se cierre el navegador, equipo o dispositivo<\/p>","protected":false},"excerpt":{"rendered":"Este sitio web utiliza cookies, unos peque\u00f1os archivos de texto que el servidor env\u00eda al ordenador de quien accede a la p\u00e1gina. Se trata de una t\u00e9cnica usada de manera habitual en Internet para llevar a cabo determinadas funciones que son consideradas imprescindibles para el correcto funcionamiento y visualizaci\u00f3n del sitio. Pueden guardar la identificaci\u00f3n&#8230;","protected":false},"author":1,"featured_media":0,"parent":0,"menu_order":0,"comment_status":"closed","ping_status":"closed","template":"","meta":{"_acf_changed":false,"footnotes":""},"class_list":["post-1083","page","type-page","status-publish","hentry"],"acf":[],"yoast_head":"<!-- This site is optimized with the Yoast SEO plugin v25.2 - https:\/\/yoast.com\/wordpress\/plugins\/seo\/ -->\n<title>Pol\u00edtica de Cookies | Grupo Acre Per\u00fa<\/title>\n<meta name=\"description\" content=\"INFORMACI\u00d3N SOBRE COOKIES &nbsp; Debido a la entrada en vigor de la referente modificaci\u00f3n de la \u00abLey de Servicios de la Sociedad de la Informaci\u00f3n\u00bb\" \/>\n<meta name=\"robots\" content=\"noindex, nofollow\" \/>\n<meta property=\"og:locale\" content=\"es_ES\" \/>\n<meta property=\"og:type\" content=\"article\" \/>\n<meta property=\"og:title\" content=\"Pol\u00edtica de Cookies | Grupo Acre Per\u00fa\" \/>\n<meta property=\"og:description\" content=\"INFORMACI\u00d3N SOBRE COOKIES &nbsp; Debido a la entrada en vigor de la referente modificaci\u00f3n de la \u00abLey de Servicios de la Sociedad de la Informaci\u00f3n\u00bb\" \/>\n<meta property=\"og:url\" content=\"https:\/\/old.grupoacre.pe\/es\/politica-de-cookies\/\" \/>\n<meta property=\"og:site_name\" content=\"Grupo Acre Per\u00fa\" \/>\n<meta property=\"article:publisher\" content=\"https:\/\/www.facebook.com\/Acre.Surveying.Solutions\" \/>\n<meta property=\"article:modified_time\" content=\"2020-10-26T09:12:36+00:00\" \/>\n<meta name=\"twitter:card\" content=\"summary_large_image\" \/>\n<meta name=\"twitter:site\" content=\"@AcreSurveying\" \/>\n<meta name=\"twitter:label1\" content=\"Tiempo de lectura\" \/>\n\t<meta name=\"twitter:data1\" content=\"7 minutos\" \/>\n<!-- \/ Yoast SEO plugin. -->","yoast_head_json":{"title":"Pol\u00edtica de Cookies | Grupo Acre Per\u00fa","description":"INFORMACI\u00d3N SOBRE COOKIES &nbsp; Debido a la entrada en vigor de la referente modificaci\u00f3n de la \u00abLey de Servicios de la Sociedad de la Informaci\u00f3n\u00bb","robots":{"index":"noindex","follow":"nofollow"},"og_locale":"es_ES","og_type":"article","og_title":"Pol\u00edtica de Cookies | Grupo Acre Per\u00fa","og_description":"INFORMACI\u00d3N SOBRE COOKIES &nbsp; Debido a la entrada en vigor de la referente modificaci\u00f3n de la \u00abLey de Servicios de la Sociedad de la Informaci\u00f3n\u00bb","og_url":"https:\/\/old.grupoacre.pe\/es\/politica-de-cookies\/","og_site_name":"Grupo Acre Per\u00fa","article_publisher":"https:\/\/www.facebook.com\/Acre.Surveying.Solutions","article_modified_time":"2020-10-26T09:12:36+00:00","twitter_card":"summary_large_image","twitter_site":"@AcreSurveying","twitter_misc":{"Tiempo de lectura":"7 minutos"},"schema":{"@context":"https:\/\/schema.org","@graph":[{"@type":"WebPage","@id":"https:\/\/old.grupoacre.pe\/es\/politica-de-cookies\/","url":"https:\/\/old.grupoacre.pe\/es\/politica-de-cookies\/","name":"Pol\u00edtica de Cookies | Grupo Acre Per\u00fa","isPartOf":{"@id":"https:\/\/old.grupoacre.pe\/es\/#website"},"datePublished":"2017-03-28T15:22:00+00:00","dateModified":"2020-10-26T09:12:36+00:00","description":"INFORMACI\u00d3N SOBRE COOKIES &nbsp; Debido a la entrada en vigor de la referente modificaci\u00f3n de la \u00abLey de Servicios de la Sociedad de la Informaci\u00f3n\u00bb","breadcrumb":{"@id":"https:\/\/old.grupoacre.pe\/es\/politica-de-cookies\/#breadcrumb"},"inLanguage":"es","potentialAction":[{"@type":"ReadAction","target":[["https:\/\/old.grupoacre.pe\/es\/politica-de-cookies\/"]]}]},{"@type":"BreadcrumbList","@id":"https:\/\/old.grupoacre.pe\/es\/politica-de-cookies\/#breadcrumb","itemListElement":[{"@type":"ListItem","position":1,"name":"Portada","item":"https:\/\/old.grupoacre.pe\/es\/"},{"@type":"ListItem","position":2,"name":"Pol\u00edtica de Cookies"}]},{"@type":"WebSite","@id":"https:\/\/old.grupoacre.pe\/es\/#website","url":"https:\/\/old.grupoacre.pe\/es\/","name":"Grupo Acre Per\u00fa","description":"Soluciones topogr\u00e1ficas","potentialAction":[{"@type":"SearchAction","target":{"@type":"EntryPoint","urlTemplate":"https:\/\/old.grupoacre.pe\/es\/?s={search_term_string}"},"query-input":{"@type":"PropertyValueSpecification","valueRequired":true,"valueName":"search_term_string"}}],"inLanguage":"es"}]}},"_links":{"self":[{"href":"https:\/\/old.grupoacre.pe\/es\/wp-json\/wp\/v2\/pages\/1083","targetHints":{"allow":["GET"]}}],"collection":[{"href":"https:\/\/old.grupoacre.pe\/es\/wp-json\/wp\/v2\/pages"}],"about":[{"href":"https:\/\/old.grupoacre.pe\/es\/wp-json\/wp\/v2\/types\/page"}],"author":[{"embeddable":true,"href":"https:\/\/old.grupoacre.pe\/es\/wp-json\/wp\/v2\/users\/1"}],"replies":[{"embeddable":true,"href":"https:\/\/old.grupoacre.pe\/es\/wp-json\/wp\/v2\/comments?post=1083"}],"version-history":[{"count":4,"href":"https:\/\/old.grupoacre.pe\/es\/wp-json\/wp\/v2\/pages\/1083\/revisions"}],"predecessor-version":[{"id":314086,"href":"https:\/\/old.grupoacre.pe\/es\/wp-json\/wp\/v2\/pages\/1083\/revisions\/314086"}],"wp:attachment":[{"href":"https:\/\/old.grupoacre.pe\/es\/wp-json\/wp\/v2\/media?parent=1083"}],"curies":[{"name":"wp","href":"https:\/\/api.w.org\/{rel}","templated":true}]}}