{"id":1085,"date":"2017-03-28T15:56:50","date_gmt":"2017-03-28T15:56:50","guid":{"rendered":"http:\/\/es.acre.fullcircle.es\/?page_id=1085"},"modified":"2024-05-30T14:51:15","modified_gmt":"2024-05-30T19:51:15","slug":"formas-de-pago","status":"publish","type":"page","link":"https:\/\/old.grupoacre.pe\/es\/formas-de-pago\/","title":{"rendered":"Formas de pago"},"content":{"rendered":"<p>3.- Formas de pago:<\/p>\n<ul>\n<li><strong>Transferencia bancaria o Ingreso:<\/strong> Puede realizar el pago del pedido por adelantado v\u00eda transferencia bancaria o ingresando el importe del pedido en nuestras cuentas de BBVA CONTINENTAL 0011 0480 0100016029 19 <strong>para soles<\/strong> y 0011 0480 0100016037 12 <strong>para d\u00f3lares<\/strong>. El env\u00edo se iniciar\u00e1 una vez recibido el cobro en nuestra cuenta. Si en el plazo de 4 d\u00edas laborables no se ha efectuado la transferencia procederemos a la anulaci\u00f3n del pedido<\/li>\n<li>Stripe: La plataforma de pagos \u00a0segura.<\/li>\n<li>Paypal: El sistema de pagos l\u00edder en internet<\/li>\n<li>Contra reembolso: Puede pagar en el momento de la entrega del pedido por la empresa de transporte. Esta modalidad llevar\u00e1 un recargo como gastos del servicio.<\/li>\n<\/ul>\n<p>4.- Seguridad. Para su seguridad los datos bancarios introducidos son encriptados y transmitidos de forma segura a los servidores de la entidad bancaria y, posteriormente, son verificados con el banco emisor para evitar posibles fraudes y abusos.<\/p>\n<p>Grupo ACRE no tiene acceso a los datos bancarios vinculados a estos medios de pago y no conoce ni registra estos datos durante la operaci\u00f3n de pago. Posteriormente se suministrar\u00e1n estos datos a Grupo ACRE a trav\u00e9s de los denominados extractos bancarios.<\/p>","protected":false},"excerpt":{"rendered":"3.- Formas de pago: Transferencia bancaria o Ingreso: Puede realizar el pago del pedido por adelantado v\u00eda transferencia bancaria o ingresando el importe del pedido en nuestras cuentas de BBVA CONTINENTAL 0011 0480 0100016029 19 para soles y 0011 0480 0100016037 12 para d\u00f3lares. El env\u00edo se iniciar\u00e1 una vez recibido el cobro en nuestra&#8230;","protected":false},"author":1,"featured_media":0,"parent":0,"menu_order":0,"comment_status":"closed","ping_status":"closed","template":"","meta":{"_acf_changed":false,"footnotes":""},"class_list":["post-1085","page","type-page","status-publish","hentry"],"acf":[],"yoast_head":"<!-- This site is optimized with the Yoast SEO plugin v25.2 - https:\/\/yoast.com\/wordpress\/plugins\/seo\/ -->\n<title>Formas de pago | Grupo Acre Per\u00fa<\/title>\n<meta name=\"description\" content=\"3.- Formas de pago: Transferencia bancaria o Ingreso: Puede realizar el pago del pedido por adelantado v\u00eda transferencia bancaria o ingresando el importe\" \/>\n<meta name=\"robots\" content=\"noindex, nofollow\" \/>\n<meta property=\"og:locale\" content=\"es_ES\" \/>\n<meta property=\"og:type\" content=\"article\" \/>\n<meta property=\"og:title\" content=\"Formas de pago | Grupo Acre Per\u00fa\" \/>\n<meta property=\"og:description\" content=\"3.- Formas de pago: Transferencia bancaria o Ingreso: Puede realizar el pago del pedido por adelantado v\u00eda transferencia bancaria o ingresando el importe\" \/>\n<meta property=\"og:url\" content=\"https:\/\/old.grupoacre.pe\/es\/formas-de-pago\/\" \/>\n<meta property=\"og:site_name\" content=\"Grupo Acre Per\u00fa\" \/>\n<meta property=\"article:publisher\" content=\"https:\/\/www.facebook.com\/Acre.Surveying.Solutions\" \/>\n<meta property=\"article:modified_time\" content=\"2024-05-30T19:51:15+00:00\" \/>\n<meta name=\"twitter:card\" content=\"summary_large_image\" \/>\n<meta name=\"twitter:site\" content=\"@AcreSurveying\" \/>\n<meta name=\"twitter:label1\" content=\"Tiempo de lectura\" \/>\n\t<meta name=\"twitter:data1\" content=\"1 minuto\" \/>\n<!-- \/ Yoast SEO plugin. -->","yoast_head_json":{"title":"Formas de pago | Grupo Acre Per\u00fa","description":"3.- Formas de pago: Transferencia bancaria o Ingreso: Puede realizar el pago del pedido por adelantado v\u00eda transferencia bancaria o ingresando el importe","robots":{"index":"noindex","follow":"nofollow"},"og_locale":"es_ES","og_type":"article","og_title":"Formas de pago | Grupo Acre Per\u00fa","og_description":"3.- Formas de pago: Transferencia bancaria o Ingreso: Puede realizar el pago del pedido por adelantado v\u00eda transferencia bancaria o ingresando el importe","og_url":"https:\/\/old.grupoacre.pe\/es\/formas-de-pago\/","og_site_name":"Grupo Acre Per\u00fa","article_publisher":"https:\/\/www.facebook.com\/Acre.Surveying.Solutions","article_modified_time":"2024-05-30T19:51:15+00:00","twitter_card":"summary_large_image","twitter_site":"@AcreSurveying","twitter_misc":{"Tiempo de lectura":"1 minuto"},"schema":{"@context":"https:\/\/schema.org","@graph":[{"@type":"WebPage","@id":"https:\/\/old.grupoacre.pe\/es\/formas-de-pago\/","url":"https:\/\/old.grupoacre.pe\/es\/formas-de-pago\/","name":"Formas de pago | Grupo Acre Per\u00fa","isPartOf":{"@id":"https:\/\/old.grupoacre.pe\/es\/#website"},"datePublished":"2017-03-28T15:56:50+00:00","dateModified":"2024-05-30T19:51:15+00:00","description":"3.- Formas de pago: Transferencia bancaria o Ingreso: Puede realizar el pago del pedido por adelantado v\u00eda transferencia bancaria o ingresando el importe","breadcrumb":{"@id":"https:\/\/old.grupoacre.pe\/es\/formas-de-pago\/#breadcrumb"},"inLanguage":"es","potentialAction":[{"@type":"ReadAction","target":[["https:\/\/old.grupoacre.pe\/es\/formas-de-pago\/"]]}]},{"@type":"BreadcrumbList","@id":"https:\/\/old.grupoacre.pe\/es\/formas-de-pago\/#breadcrumb","itemListElement":[{"@type":"ListItem","position":1,"name":"Portada","item":"https:\/\/old.grupoacre.pe\/es\/"},{"@type":"ListItem","position":2,"name":"Formas de pago"}]},{"@type":"WebSite","@id":"https:\/\/old.grupoacre.pe\/es\/#website","url":"https:\/\/old.grupoacre.pe\/es\/","name":"Grupo Acre Per\u00fa","description":"Soluciones topogr\u00e1ficas","potentialAction":[{"@type":"SearchAction","target":{"@type":"EntryPoint","urlTemplate":"https:\/\/old.grupoacre.pe\/es\/?s={search_term_string}"},"query-input":{"@type":"PropertyValueSpecification","valueRequired":true,"valueName":"search_term_string"}}],"inLanguage":"es"}]}},"_links":{"self":[{"href":"https:\/\/old.grupoacre.pe\/es\/wp-json\/wp\/v2\/pages\/1085","targetHints":{"allow":["GET"]}}],"collection":[{"href":"https:\/\/old.grupoacre.pe\/es\/wp-json\/wp\/v2\/pages"}],"about":[{"href":"https:\/\/old.grupoacre.pe\/es\/wp-json\/wp\/v2\/types\/page"}],"author":[{"embeddable":true,"href":"https:\/\/old.grupoacre.pe\/es\/wp-json\/wp\/v2\/users\/1"}],"replies":[{"embeddable":true,"href":"https:\/\/old.grupoacre.pe\/es\/wp-json\/wp\/v2\/comments?post=1085"}],"version-history":[{"count":7,"href":"https:\/\/old.grupoacre.pe\/es\/wp-json\/wp\/v2\/pages\/1085\/revisions"}],"predecessor-version":[{"id":335868,"href":"https:\/\/old.grupoacre.pe\/es\/wp-json\/wp\/v2\/pages\/1085\/revisions\/335868"}],"wp:attachment":[{"href":"https:\/\/old.grupoacre.pe\/es\/wp-json\/wp\/v2\/media?parent=1085"}],"curies":[{"name":"wp","href":"https:\/\/api.w.org\/{rel}","templated":true}]}}