{"id":137,"date":"2017-02-17T11:46:43","date_gmt":"2017-02-17T11:46:43","guid":{"rendered":"http:\/\/es.acre.fullcircle.es\/?page_id=137"},"modified":"2025-02-05T11:10:24","modified_gmt":"2025-02-05T16:10:24","slug":"pagina-principal","status":"publish","type":"page","link":"https:\/\/old.grupoacre.pe\/es\/","title":{"rendered":"P\u00e1gina Principal"},"content":{"rendered":"","protected":false},"excerpt":{"rendered":"","protected":false},"author":1,"featured_media":0,"parent":0,"menu_order":1,"comment_status":"closed","ping_status":"closed","template":"template-home.php","meta":{"_acf_changed":false,"footnotes":""},"class_list":["post-137","page","type-page","status-publish","hentry"],"acf":[],"yoast_head":"<!-- This site is optimized with the Yoast SEO plugin v25.2 - https:\/\/yoast.com\/wordpress\/plugins\/seo\/ -->\n<title>Grupo Acre \u2013 Venta \u2013 Alquiler de aparatos \/ equipos de topograf\u00eda<\/title>\n<meta name=\"description\" content=\"Alquiler, venta y asesor\u00eda en topograf\u00eda. Equipamiento de calidad, asesor\u00eda, soporte y para top\u00f3grafos, ingenieros y profesionales de la construcci\u00f3n\" \/>\n<meta name=\"robots\" content=\"noindex, follow, max-snippet:-1, max-image-preview:large, max-video-preview:-1\" \/>\n<meta property=\"og:locale\" content=\"es_ES\" \/>\n<meta property=\"og:type\" content=\"article\" \/>\n<meta property=\"og:title\" content=\"Grupo Acre \u2013 Venta \u2013 Alquiler de aparatos \/ equipos de topograf\u00eda\" \/>\n<meta property=\"og:description\" content=\"Alquiler, venta y asesor\u00eda en topograf\u00eda. Equipamiento de calidad, asesor\u00eda, soporte y para top\u00f3grafos, ingenieros y profesionales de la construcci\u00f3n\" \/>\n<meta property=\"og:url\" content=\"https:\/\/old.grupoacre.pe\/es\/\" \/>\n<meta property=\"og:site_name\" content=\"Grupo Acre Per\u00fa\" \/>\n<meta property=\"article:publisher\" content=\"https:\/\/www.facebook.com\/Acre.Surveying.Solutions\" \/>\n<meta property=\"article:modified_time\" content=\"2025-02-05T16:10:24+00:00\" \/>\n<meta name=\"twitter:card\" content=\"summary_large_image\" \/>\n<meta name=\"twitter:site\" content=\"@AcreSurveying\" \/>\n<!-- \/ Yoast SEO plugin. -->","yoast_head_json":{"title":"Grupo Acre \u2013 Venta \u2013 Alquiler de aparatos \/ equipos de topograf\u00eda","description":"Alquiler, venta y asesor\u00eda en topograf\u00eda. Equipamiento de calidad, asesor\u00eda, soporte y para top\u00f3grafos, ingenieros y profesionales de la construcci\u00f3n","robots":{"index":"noindex","follow":"follow","max-snippet":"max-snippet:-1","max-image-preview":"max-image-preview:large","max-video-preview":"max-video-preview:-1"},"og_locale":"es_ES","og_type":"article","og_title":"Grupo Acre \u2013 Venta \u2013 Alquiler de aparatos \/ equipos de topograf\u00eda","og_description":"Alquiler, venta y asesor\u00eda en topograf\u00eda. Equipamiento de calidad, asesor\u00eda, soporte y para top\u00f3grafos, ingenieros y profesionales de la construcci\u00f3n","og_url":"https:\/\/old.grupoacre.pe\/es\/","og_site_name":"Grupo Acre Per\u00fa","article_publisher":"https:\/\/www.facebook.com\/Acre.Surveying.Solutions","article_modified_time":"2025-02-05T16:10:24+00:00","twitter_card":"summary_large_image","twitter_site":"@AcreSurveying","schema":{"@context":"https:\/\/schema.org","@graph":[{"@type":"WebPage","@id":"https:\/\/old.grupoacre.pe\/es\/","url":"https:\/\/old.grupoacre.pe\/es\/","name":"Grupo Acre \u2013 Venta \u2013 Alquiler de aparatos \/ equipos de topograf\u00eda","isPartOf":{"@id":"https:\/\/old.grupoacre.pe\/es\/#website"},"datePublished":"2017-02-17T11:46:43+00:00","dateModified":"2025-02-05T16:10:24+00:00","description":"Alquiler, venta y asesor\u00eda en topograf\u00eda. Equipamiento de calidad, asesor\u00eda, soporte y para top\u00f3grafos, ingenieros y profesionales de la construcci\u00f3n","breadcrumb":{"@id":"https:\/\/old.grupoacre.pe\/es\/#breadcrumb"},"inLanguage":"es","potentialAction":[{"@type":"ReadAction","target":[["https:\/\/old.grupoacre.pe\/es\/"]]}]},{"@type":"BreadcrumbList","@id":"https:\/\/old.grupoacre.pe\/es\/#breadcrumb","itemListElement":[{"@type":"ListItem","position":1,"name":"Portada","item":"https:\/\/old.grupoacre.pe\/es\/"},{"@type":"ListItem","position":2,"name":"P\u00e1gina Principal"}]},{"@type":"WebSite","@id":"https:\/\/old.grupoacre.pe\/es\/#website","url":"https:\/\/old.grupoacre.pe\/es\/","name":"Grupo Acre Per\u00fa","description":"Soluciones topogr\u00e1ficas","potentialAction":[{"@type":"SearchAction","target":{"@type":"EntryPoint","urlTemplate":"https:\/\/old.grupoacre.pe\/es\/?s={search_term_string}"},"query-input":{"@type":"PropertyValueSpecification","valueRequired":true,"valueName":"search_term_string"}}],"inLanguage":"es"}]}},"_links":{"self":[{"href":"https:\/\/old.grupoacre.pe\/es\/wp-json\/wp\/v2\/pages\/137","targetHints":{"allow":["GET"]}}],"collection":[{"href":"https:\/\/old.grupoacre.pe\/es\/wp-json\/wp\/v2\/pages"}],"about":[{"href":"https:\/\/old.grupoacre.pe\/es\/wp-json\/wp\/v2\/types\/page"}],"author":[{"embeddable":true,"href":"https:\/\/old.grupoacre.pe\/es\/wp-json\/wp\/v2\/users\/1"}],"replies":[{"embeddable":true,"href":"https:\/\/old.grupoacre.pe\/es\/wp-json\/wp\/v2\/comments?post=137"}],"version-history":[{"count":40,"href":"https:\/\/old.grupoacre.pe\/es\/wp-json\/wp\/v2\/pages\/137\/revisions"}],"predecessor-version":[{"id":339734,"href":"https:\/\/old.grupoacre.pe\/es\/wp-json\/wp\/v2\/pages\/137\/revisions\/339734"}],"wp:attachment":[{"href":"https:\/\/old.grupoacre.pe\/es\/wp-json\/wp\/v2\/media?parent=137"}],"curies":[{"name":"wp","href":"https:\/\/api.w.org\/{rel}","templated":true}]}}