{"id":140,"date":"2017-02-17T12:05:48","date_gmt":"2017-02-17T12:05:48","guid":{"rendered":"http:\/\/es.acre.fullcircle.es\/?page_id=140"},"modified":"2020-08-20T06:01:07","modified_gmt":"2020-08-20T11:01:07","slug":"equipos-en-alquiler","status":"publish","type":"page","link":"https:\/\/old.grupoacre.pe\/es\/equipos-en-alquiler\/","title":{"rendered":"Alquiler"},"content":{"rendered":"<p>En Grupo ACRE proporcionamos servicios de <strong>alquiler de equipos e instrumentos topogr\u00e1ficos<\/strong> de precisi\u00f3n de la marca <a href=\"https:\/\/grupoacre.es\/catalogo-marca\/leica-geosystems\/\"><strong>Leica Geosystems<\/strong><\/a> con precio y calidad sin competencia en el mercado.<\/p>\n<p class=\"p1\"><span class=\"s1\">Perfecto para quien busca un <strong style=\"font-weight: 400\">alquiler de estaci\u00f3n total<\/strong>, multiestaci\u00f3n total, nivel l\u00e1ser, nivel \u00f3ptico y digital, mira \u00cdnvar, esc\u00e1ner laser o mobile mapping, GPS topogr\u00e1fico, carros y reglas de v\u00edas f\u00e9rreas o software topogr\u00e1fico.<\/span><\/p>\n<p><\/p>","protected":false},"excerpt":{"rendered":"En Grupo ACRE proporcionamos servicios de alquiler de equipos e instrumentos topogr\u00e1ficos de precisi\u00f3n de la marca Leica Geosystems con precio y calidad sin competencia en el mercado. Perfecto para quien busca un alquiler de estaci\u00f3n total, multiestaci\u00f3n total, nivel l\u00e1ser, nivel \u00f3ptico y digital, mira \u00cdnvar, esc\u00e1ner laser o mobile mapping, GPS topogr\u00e1fico, carros&#8230;","protected":false},"author":1,"featured_media":598,"parent":0,"menu_order":4,"comment_status":"closed","ping_status":"closed","template":"template-rent.php","meta":{"_acf_changed":false,"footnotes":""},"class_list":["post-140","page","type-page","status-publish","has-post-thumbnail","hentry"],"acf":[],"yoast_head":"<!-- This site is optimized with the Yoast SEO plugin v25.2 - https:\/\/yoast.com\/wordpress\/plugins\/seo\/ -->\n<title>Alquiler de equipos para topograf\u00eda - Leica Geosystems | Grupo Acre<\/title>\n<meta name=\"description\" content=\"Conoce nuestros productos en alquiler, los mejores equipos de topograf\u00eda de la marca Leica Geosystems \u00a1Solicita informaci\u00f3n sin compromiso!\" \/>\n<meta name=\"robots\" content=\"noindex, follow, max-snippet:-1, max-image-preview:large, max-video-preview:-1\" \/>\n<meta property=\"og:locale\" content=\"es_ES\" \/>\n<meta property=\"og:type\" content=\"article\" \/>\n<meta property=\"og:title\" content=\"Alquiler de equipos para topograf\u00eda - Leica Geosystems | Grupo Acre\" \/>\n<meta property=\"og:description\" content=\"Conoce nuestros productos en alquiler, los mejores equipos de topograf\u00eda de la marca Leica Geosystems \u00a1Solicita informaci\u00f3n sin compromiso!\" \/>\n<meta property=\"og:url\" content=\"https:\/\/old.grupoacre.pe\/es\/equipos-en-alquiler\/\" \/>\n<meta property=\"og:site_name\" content=\"Grupo Acre Per\u00fa\" \/>\n<meta property=\"article:publisher\" content=\"https:\/\/www.facebook.com\/Acre.Surveying.Solutions\" \/>\n<meta property=\"article:modified_time\" content=\"2020-08-20T11:01:07+00:00\" \/>\n<meta property=\"og:image\" content=\"https:\/\/old.grupoacre.pe\/wp-content\/uploads\/sites\/4\/2017\/02\/alquiler_04.jpg\" \/>\n\t<meta property=\"og:image:width\" content=\"1600\" \/>\n\t<meta property=\"og:image:height\" content=\"400\" \/>\n\t<meta property=\"og:image:type\" content=\"image\/jpeg\" \/>\n<meta name=\"twitter:card\" content=\"summary_large_image\" \/>\n<meta name=\"twitter:site\" content=\"@AcreSurveying\" \/>\n<meta name=\"twitter:label1\" content=\"Tiempo de lectura\" \/>\n\t<meta name=\"twitter:data1\" content=\"1 minuto\" \/>\n<!-- \/ Yoast SEO plugin. -->","yoast_head_json":{"title":"Alquiler de equipos para topograf\u00eda - Leica Geosystems | Grupo Acre","description":"Conoce nuestros productos en alquiler, los mejores equipos de topograf\u00eda de la marca Leica Geosystems \u00a1Solicita informaci\u00f3n sin compromiso!","robots":{"index":"noindex","follow":"follow","max-snippet":"max-snippet:-1","max-image-preview":"max-image-preview:large","max-video-preview":"max-video-preview:-1"},"og_locale":"es_ES","og_type":"article","og_title":"Alquiler de equipos para topograf\u00eda - Leica Geosystems | Grupo Acre","og_description":"Conoce nuestros productos en alquiler, los mejores equipos de topograf\u00eda de la marca Leica Geosystems \u00a1Solicita informaci\u00f3n sin compromiso!","og_url":"https:\/\/old.grupoacre.pe\/es\/equipos-en-alquiler\/","og_site_name":"Grupo Acre Per\u00fa","article_publisher":"https:\/\/www.facebook.com\/Acre.Surveying.Solutions","article_modified_time":"2020-08-20T11:01:07+00:00","og_image":[{"width":1600,"height":400,"url":"https:\/\/old.grupoacre.pe\/wp-content\/uploads\/sites\/4\/2017\/02\/alquiler_04.jpg","type":"image\/jpeg"}],"twitter_card":"summary_large_image","twitter_site":"@AcreSurveying","twitter_misc":{"Tiempo de lectura":"1 minuto"},"schema":{"@context":"https:\/\/schema.org","@graph":[{"@type":"WebPage","@id":"https:\/\/old.grupoacre.pe\/es\/equipos-en-alquiler\/","url":"https:\/\/old.grupoacre.pe\/es\/equipos-en-alquiler\/","name":"Alquiler de equipos para topograf\u00eda - Leica Geosystems | Grupo Acre","isPartOf":{"@id":"https:\/\/old.grupoacre.pe\/es\/#website"},"primaryImageOfPage":{"@id":"https:\/\/old.grupoacre.pe\/es\/equipos-en-alquiler\/#primaryimage"},"image":{"@id":"https:\/\/old.grupoacre.pe\/es\/equipos-en-alquiler\/#primaryimage"},"thumbnailUrl":"https:\/\/old.grupoacre.pe\/wp-content\/uploads\/sites\/4\/2017\/02\/alquiler_04.jpg","datePublished":"2017-02-17T12:05:48+00:00","dateModified":"2020-08-20T11:01:07+00:00","description":"Conoce nuestros productos en alquiler, los mejores equipos de topograf\u00eda de la marca Leica Geosystems \u00a1Solicita informaci\u00f3n sin compromiso!","breadcrumb":{"@id":"https:\/\/old.grupoacre.pe\/es\/equipos-en-alquiler\/#breadcrumb"},"inLanguage":"es","potentialAction":[{"@type":"ReadAction","target":[["https:\/\/old.grupoacre.pe\/es\/equipos-en-alquiler\/"]]}]},{"@type":"ImageObject","inLanguage":"es","@id":"https:\/\/old.grupoacre.pe\/es\/equipos-en-alquiler\/#primaryimage","url":"https:\/\/old.grupoacre.pe\/wp-content\/uploads\/sites\/4\/2017\/02\/alquiler_04.jpg","contentUrl":"https:\/\/old.grupoacre.pe\/wp-content\/uploads\/sites\/4\/2017\/02\/alquiler_04.jpg","width":1600,"height":400,"caption":"Alquiler"},{"@type":"BreadcrumbList","@id":"https:\/\/old.grupoacre.pe\/es\/equipos-en-alquiler\/#breadcrumb","itemListElement":[{"@type":"ListItem","position":1,"name":"Portada","item":"https:\/\/old.grupoacre.pe\/es\/"},{"@type":"ListItem","position":2,"name":"Alquiler"}]},{"@type":"WebSite","@id":"https:\/\/old.grupoacre.pe\/es\/#website","url":"https:\/\/old.grupoacre.pe\/es\/","name":"Grupo Acre Per\u00fa","description":"Soluciones topogr\u00e1ficas","potentialAction":[{"@type":"SearchAction","target":{"@type":"EntryPoint","urlTemplate":"https:\/\/old.grupoacre.pe\/es\/?s={search_term_string}"},"query-input":{"@type":"PropertyValueSpecification","valueRequired":true,"valueName":"search_term_string"}}],"inLanguage":"es"}]}},"_links":{"self":[{"href":"https:\/\/old.grupoacre.pe\/es\/wp-json\/wp\/v2\/pages\/140","targetHints":{"allow":["GET"]}}],"collection":[{"href":"https:\/\/old.grupoacre.pe\/es\/wp-json\/wp\/v2\/pages"}],"about":[{"href":"https:\/\/old.grupoacre.pe\/es\/wp-json\/wp\/v2\/types\/page"}],"author":[{"embeddable":true,"href":"https:\/\/old.grupoacre.pe\/es\/wp-json\/wp\/v2\/users\/1"}],"replies":[{"embeddable":true,"href":"https:\/\/old.grupoacre.pe\/es\/wp-json\/wp\/v2\/comments?post=140"}],"version-history":[{"count":5,"href":"https:\/\/old.grupoacre.pe\/es\/wp-json\/wp\/v2\/pages\/140\/revisions"}],"predecessor-version":[{"id":312809,"href":"https:\/\/old.grupoacre.pe\/es\/wp-json\/wp\/v2\/pages\/140\/revisions\/312809"}],"wp:featuredmedia":[{"embeddable":true,"href":"https:\/\/old.grupoacre.pe\/es\/wp-json\/wp\/v2\/media\/598"}],"wp:attachment":[{"href":"https:\/\/old.grupoacre.pe\/es\/wp-json\/wp\/v2\/media?parent=140"}],"curies":[{"name":"wp","href":"https:\/\/api.w.org\/{rel}","templated":true}]}}