{"id":165,"date":"2017-02-17T12:49:27","date_gmt":"2017-02-17T12:49:27","guid":{"rendered":"http:\/\/es.acre.fullcircle.es\/?page_id=165"},"modified":"2018-03-14T07:48:26","modified_gmt":"2018-03-14T12:48:26","slug":"formacion-y-tutoriales","status":"publish","type":"page","link":"https:\/\/old.grupoacre.pe\/es\/soporte\/formacion-y-tutoriales\/","title":{"rendered":"Formaci\u00f3n y tutoriales"},"content":{"rendered":"<p><strong>Videos y art\u00edculos con contenidos espec\u00edficos para los profesionales<\/strong> de la Geodesia, la Termograf\u00eda y la Medici\u00f3n. Novedades y usos en torno a las herramientas que ofrecemos en nuestro cat\u00e1logo para estar siempre actualizados y a pleno rendimiento.<\/p>","protected":false},"excerpt":{"rendered":"Videos y art\u00edculos con contenidos espec\u00edficos para los profesionales de la Geodesia, la Termograf\u00eda y la Medici\u00f3n. Novedades y usos en torno a las herramientas que ofrecemos en nuestro cat\u00e1logo para estar siempre actualizados y a pleno rendimiento.","protected":false},"author":1,"featured_media":83693,"parent":429,"menu_order":7,"comment_status":"closed","ping_status":"closed","template":"","meta":{"_acf_changed":false,"footnotes":""},"class_list":["post-165","page","type-page","status-publish","has-post-thumbnail","hentry"],"acf":[],"yoast_head":"<!-- This site is optimized with the Yoast SEO plugin v25.2 - https:\/\/yoast.com\/wordpress\/plugins\/seo\/ -->\n<title>Formaci\u00f3n y tutoriales | Grupo Acre Per\u00fa<\/title>\n<meta name=\"description\" content=\"V\u00eddeos\u00a0y art\u00edculos con contenidos espec\u00edficos para los profesionales de la Geodesia, la Termograf\u00eda y la Medici\u00f3n. Novedades y usos en torno a las herramientas que ofrecemos en nuestro cat\u00e1logo para estar siempre actualizados y a pleno rendimiento.\" \/>\n<meta name=\"robots\" content=\"noindex, follow, max-snippet:-1, max-image-preview:large, max-video-preview:-1\" \/>\n<meta property=\"og:locale\" content=\"es_ES\" \/>\n<meta property=\"og:type\" content=\"article\" \/>\n<meta property=\"og:title\" content=\"Formaci\u00f3n y tutoriales | Grupo Acre Per\u00fa\" \/>\n<meta property=\"og:description\" content=\"V\u00eddeos\u00a0y art\u00edculos con contenidos espec\u00edficos para los profesionales de la Geodesia, la Termograf\u00eda y la Medici\u00f3n. Novedades y usos en torno a las herramientas que ofrecemos en nuestro cat\u00e1logo para estar siempre actualizados y a pleno rendimiento.\" \/>\n<meta property=\"og:url\" content=\"https:\/\/old.grupoacre.pe\/es\/soporte\/formacion-y-tutoriales\/\" \/>\n<meta property=\"og:site_name\" content=\"Grupo Acre Per\u00fa\" \/>\n<meta property=\"article:publisher\" content=\"https:\/\/www.facebook.com\/Acre.Surveying.Solutions\" \/>\n<meta property=\"article:modified_time\" content=\"2018-03-14T12:48:26+00:00\" \/>\n<meta property=\"og:image\" content=\"https:\/\/old.grupoacre.pe\/wp-content\/uploads\/sites\/4\/2017\/02\/formacion_topografia.jpg\" \/>\n\t<meta property=\"og:image:width\" content=\"1600\" \/>\n\t<meta property=\"og:image:height\" content=\"300\" \/>\n\t<meta property=\"og:image:type\" content=\"image\/jpeg\" \/>\n<meta name=\"twitter:card\" content=\"summary_large_image\" \/>\n<meta name=\"twitter:site\" content=\"@AcreSurveying\" \/>\n<meta name=\"twitter:label1\" content=\"Tiempo de lectura\" \/>\n\t<meta name=\"twitter:data1\" content=\"1 minuto\" \/>\n<!-- \/ Yoast SEO plugin. -->","yoast_head_json":{"title":"Formaci\u00f3n y tutoriales | Grupo Acre Per\u00fa","description":"V\u00eddeos\u00a0y art\u00edculos con contenidos espec\u00edficos para los profesionales de la Geodesia, la Termograf\u00eda y la Medici\u00f3n. Novedades y usos en torno a las herramientas que ofrecemos en nuestro cat\u00e1logo para estar siempre actualizados y a pleno rendimiento.","robots":{"index":"noindex","follow":"follow","max-snippet":"max-snippet:-1","max-image-preview":"max-image-preview:large","max-video-preview":"max-video-preview:-1"},"og_locale":"es_ES","og_type":"article","og_title":"Formaci\u00f3n y tutoriales | Grupo Acre Per\u00fa","og_description":"V\u00eddeos\u00a0y art\u00edculos con contenidos espec\u00edficos para los profesionales de la Geodesia, la Termograf\u00eda y la Medici\u00f3n. Novedades y usos en torno a las herramientas que ofrecemos en nuestro cat\u00e1logo para estar siempre actualizados y a pleno rendimiento.","og_url":"https:\/\/old.grupoacre.pe\/es\/soporte\/formacion-y-tutoriales\/","og_site_name":"Grupo Acre Per\u00fa","article_publisher":"https:\/\/www.facebook.com\/Acre.Surveying.Solutions","article_modified_time":"2018-03-14T12:48:26+00:00","og_image":[{"width":1600,"height":300,"url":"https:\/\/old.grupoacre.pe\/wp-content\/uploads\/sites\/4\/2017\/02\/formacion_topografia.jpg","type":"image\/jpeg"}],"twitter_card":"summary_large_image","twitter_site":"@AcreSurveying","twitter_misc":{"Tiempo de lectura":"1 minuto"},"schema":{"@context":"https:\/\/schema.org","@graph":[{"@type":"WebPage","@id":"https:\/\/old.grupoacre.pe\/es\/soporte\/formacion-y-tutoriales\/","url":"https:\/\/old.grupoacre.pe\/es\/soporte\/formacion-y-tutoriales\/","name":"Formaci\u00f3n y tutoriales | Grupo Acre Per\u00fa","isPartOf":{"@id":"https:\/\/old.grupoacre.pe\/es\/#website"},"primaryImageOfPage":{"@id":"https:\/\/old.grupoacre.pe\/es\/soporte\/formacion-y-tutoriales\/#primaryimage"},"image":{"@id":"https:\/\/old.grupoacre.pe\/es\/soporte\/formacion-y-tutoriales\/#primaryimage"},"thumbnailUrl":"https:\/\/old.grupoacre.pe\/wp-content\/uploads\/sites\/4\/2017\/02\/formacion_topografia.jpg","datePublished":"2017-02-17T12:49:27+00:00","dateModified":"2018-03-14T12:48:26+00:00","description":"V\u00eddeos\u00a0y art\u00edculos con contenidos espec\u00edficos para los profesionales de la Geodesia, la Termograf\u00eda y la Medici\u00f3n. Novedades y usos en torno a las herramientas que ofrecemos en nuestro cat\u00e1logo para estar siempre actualizados y a pleno rendimiento.","breadcrumb":{"@id":"https:\/\/old.grupoacre.pe\/es\/soporte\/formacion-y-tutoriales\/#breadcrumb"},"inLanguage":"es","potentialAction":[{"@type":"ReadAction","target":[["https:\/\/old.grupoacre.pe\/es\/soporte\/formacion-y-tutoriales\/"]]}]},{"@type":"ImageObject","inLanguage":"es","@id":"https:\/\/old.grupoacre.pe\/es\/soporte\/formacion-y-tutoriales\/#primaryimage","url":"https:\/\/old.grupoacre.pe\/wp-content\/uploads\/sites\/4\/2017\/02\/formacion_topografia.jpg","contentUrl":"https:\/\/old.grupoacre.pe\/wp-content\/uploads\/sites\/4\/2017\/02\/formacion_topografia.jpg","width":1600,"height":300,"caption":"Formaci\u00f3n y videotutoriales"},{"@type":"BreadcrumbList","@id":"https:\/\/old.grupoacre.pe\/es\/soporte\/formacion-y-tutoriales\/#breadcrumb","itemListElement":[{"@type":"ListItem","position":1,"name":"Portada","item":"https:\/\/old.grupoacre.pe\/es\/"},{"@type":"ListItem","position":2,"name":"Soporte","item":"https:\/\/old.grupoacre.pe\/es\/soporte\/"},{"@type":"ListItem","position":3,"name":"Formaci\u00f3n y tutoriales"}]},{"@type":"WebSite","@id":"https:\/\/old.grupoacre.pe\/es\/#website","url":"https:\/\/old.grupoacre.pe\/es\/","name":"Grupo Acre Per\u00fa","description":"Soluciones topogr\u00e1ficas","potentialAction":[{"@type":"SearchAction","target":{"@type":"EntryPoint","urlTemplate":"https:\/\/old.grupoacre.pe\/es\/?s={search_term_string}"},"query-input":{"@type":"PropertyValueSpecification","valueRequired":true,"valueName":"search_term_string"}}],"inLanguage":"es"}]}},"_links":{"self":[{"href":"https:\/\/old.grupoacre.pe\/es\/wp-json\/wp\/v2\/pages\/165","targetHints":{"allow":["GET"]}}],"collection":[{"href":"https:\/\/old.grupoacre.pe\/es\/wp-json\/wp\/v2\/pages"}],"about":[{"href":"https:\/\/old.grupoacre.pe\/es\/wp-json\/wp\/v2\/types\/page"}],"author":[{"embeddable":true,"href":"https:\/\/old.grupoacre.pe\/es\/wp-json\/wp\/v2\/users\/1"}],"replies":[{"embeddable":true,"href":"https:\/\/old.grupoacre.pe\/es\/wp-json\/wp\/v2\/comments?post=165"}],"version-history":[{"count":5,"href":"https:\/\/old.grupoacre.pe\/es\/wp-json\/wp\/v2\/pages\/165\/revisions"}],"predecessor-version":[{"id":261556,"href":"https:\/\/old.grupoacre.pe\/es\/wp-json\/wp\/v2\/pages\/165\/revisions\/261556"}],"up":[{"embeddable":true,"href":"https:\/\/old.grupoacre.pe\/es\/wp-json\/wp\/v2\/pages\/429"}],"wp:featuredmedia":[{"embeddable":true,"href":"https:\/\/old.grupoacre.pe\/es\/wp-json\/wp\/v2\/media\/83693"}],"wp:attachment":[{"href":"https:\/\/old.grupoacre.pe\/es\/wp-json\/wp\/v2\/media?parent=165"}],"curies":[{"name":"wp","href":"https:\/\/api.w.org\/{rel}","templated":true}]}}