{"id":167,"date":"2017-02-17T12:50:37","date_gmt":"2017-02-17T12:50:37","guid":{"rendered":"http:\/\/es.acre.fullcircle.es\/?page_id=167"},"modified":"2025-02-19T09:48:10","modified_gmt":"2025-02-19T14:48:10","slug":"contacto","status":"publish","type":"page","link":"https:\/\/old.grupoacre.pe\/es\/contacto\/","title":{"rendered":"Contacto Grupo ACRE"},"content":{"rendered":"<p>\u00bfAlguna duda? \u00bfDeseas ampliar la informaci\u00f3n sobre alg\u00fan instrumento topogr\u00e1fico? \u00bfNecesitas presupuesto para alg\u00fan equipo de topograf\u00eda? \u00bfTienes un proyecto y quieres asesor\u00eda antes de adquirir alg\u00fan a herramienta topogr\u00e1fica? \u00bfQuieres saber el precio de alquiler para estaci\u00f3n total o alguno de nuestros productos disponibles?<\/p>\n<p>Puede contactar con nosotros en el tel\u00e9fono +51 013 44 8044, en cualquiera de nuestras sedes y delegaciones o utilizando el formulario de contacto que tiene a continuaci\u00f3n:<\/p>","protected":false},"excerpt":{"rendered":"\u00bfAlguna duda? \u00bfDeseas ampliar la informaci\u00f3n sobre alg\u00fan instrumento topogr\u00e1fico? \u00bfNecesitas presupuesto para alg\u00fan equipo de topograf\u00eda? \u00bfTienes un proyecto y quieres asesor\u00eda antes de adquirir alg\u00fan a herramienta topogr\u00e1fica? \u00bfQuieres saber el precio de alquiler para estaci\u00f3n total o alguno de nuestros productos disponibles? Puede contactar con nosotros en el tel\u00e9fono +51 013 44&#8230;","protected":false},"author":1,"featured_media":593,"parent":0,"menu_order":6,"comment_status":"closed","ping_status":"closed","template":"template-contacto.php","meta":{"_acf_changed":false,"footnotes":""},"class_list":["post-167","page","type-page","status-publish","has-post-thumbnail","hentry"],"acf":[],"yoast_head":"<!-- This site is optimized with the Yoast SEO plugin v25.2 - https:\/\/yoast.com\/wordpress\/plugins\/seo\/ -->\n<title>Contacto Grupo ACRE | Grupo Acre Per\u00fa<\/title>\n<meta name=\"description\" content=\"\u00bfAlguna duda? \u00bfDeseas ampliar la informaci\u00f3n sobre alg\u00fan instrumento topogr\u00e1fico? \u00bfNecesitas presupuesto para alg\u00fan equipo de topograf\u00eda? \u00bfTienes un\" \/>\n<meta name=\"robots\" content=\"noindex, follow, max-snippet:-1, max-image-preview:large, max-video-preview:-1\" \/>\n<meta property=\"og:locale\" content=\"es_ES\" \/>\n<meta property=\"og:type\" content=\"article\" \/>\n<meta property=\"og:title\" content=\"Contacto Grupo ACRE | Grupo Acre Per\u00fa\" \/>\n<meta property=\"og:description\" content=\"\u00bfAlguna duda? \u00bfDeseas ampliar la informaci\u00f3n sobre alg\u00fan instrumento topogr\u00e1fico? \u00bfNecesitas presupuesto para alg\u00fan equipo de topograf\u00eda? \u00bfTienes un\" \/>\n<meta property=\"og:url\" content=\"https:\/\/old.grupoacre.pe\/es\/contacto\/\" \/>\n<meta property=\"og:site_name\" content=\"Grupo Acre Per\u00fa\" \/>\n<meta property=\"article:publisher\" content=\"https:\/\/www.facebook.com\/Acre.Surveying.Solutions\" \/>\n<meta property=\"article:modified_time\" content=\"2025-02-19T14:48:10+00:00\" \/>\n<meta property=\"og:image\" content=\"https:\/\/old.grupoacre.pe\/wp-content\/uploads\/sites\/4\/2017\/02\/contacto_01.jpg\" \/>\n\t<meta property=\"og:image:width\" content=\"1600\" \/>\n\t<meta property=\"og:image:height\" content=\"400\" \/>\n\t<meta property=\"og:image:type\" content=\"image\/jpeg\" \/>\n<meta name=\"twitter:card\" content=\"summary_large_image\" \/>\n<meta name=\"twitter:site\" content=\"@AcreSurveying\" \/>\n<meta name=\"twitter:label1\" content=\"Tiempo de lectura\" \/>\n\t<meta name=\"twitter:data1\" content=\"1 minuto\" \/>\n<!-- \/ Yoast SEO plugin. -->","yoast_head_json":{"title":"Contacto Grupo ACRE | Grupo Acre Per\u00fa","description":"\u00bfAlguna duda? \u00bfDeseas ampliar la informaci\u00f3n sobre alg\u00fan instrumento topogr\u00e1fico? \u00bfNecesitas presupuesto para alg\u00fan equipo de topograf\u00eda? \u00bfTienes un","robots":{"index":"noindex","follow":"follow","max-snippet":"max-snippet:-1","max-image-preview":"max-image-preview:large","max-video-preview":"max-video-preview:-1"},"og_locale":"es_ES","og_type":"article","og_title":"Contacto Grupo ACRE | Grupo Acre Per\u00fa","og_description":"\u00bfAlguna duda? \u00bfDeseas ampliar la informaci\u00f3n sobre alg\u00fan instrumento topogr\u00e1fico? \u00bfNecesitas presupuesto para alg\u00fan equipo de topograf\u00eda? \u00bfTienes un","og_url":"https:\/\/old.grupoacre.pe\/es\/contacto\/","og_site_name":"Grupo Acre Per\u00fa","article_publisher":"https:\/\/www.facebook.com\/Acre.Surveying.Solutions","article_modified_time":"2025-02-19T14:48:10+00:00","og_image":[{"width":1600,"height":400,"url":"https:\/\/old.grupoacre.pe\/wp-content\/uploads\/sites\/4\/2017\/02\/contacto_01.jpg","type":"image\/jpeg"}],"twitter_card":"summary_large_image","twitter_site":"@AcreSurveying","twitter_misc":{"Tiempo de lectura":"1 minuto"},"schema":{"@context":"https:\/\/schema.org","@graph":[{"@type":"WebPage","@id":"https:\/\/old.grupoacre.pe\/es\/contacto\/","url":"https:\/\/old.grupoacre.pe\/es\/contacto\/","name":"Contacto Grupo ACRE | Grupo Acre Per\u00fa","isPartOf":{"@id":"https:\/\/old.grupoacre.pe\/es\/#website"},"primaryImageOfPage":{"@id":"https:\/\/old.grupoacre.pe\/es\/contacto\/#primaryimage"},"image":{"@id":"https:\/\/old.grupoacre.pe\/es\/contacto\/#primaryimage"},"thumbnailUrl":"https:\/\/old.grupoacre.pe\/wp-content\/uploads\/sites\/4\/2017\/02\/contacto_01.jpg","datePublished":"2017-02-17T12:50:37+00:00","dateModified":"2025-02-19T14:48:10+00:00","description":"\u00bfAlguna duda? \u00bfDeseas ampliar la informaci\u00f3n sobre alg\u00fan instrumento topogr\u00e1fico? \u00bfNecesitas presupuesto para alg\u00fan equipo de topograf\u00eda? \u00bfTienes un","breadcrumb":{"@id":"https:\/\/old.grupoacre.pe\/es\/contacto\/#breadcrumb"},"inLanguage":"es","potentialAction":[{"@type":"ReadAction","target":[["https:\/\/old.grupoacre.pe\/es\/contacto\/"]]}]},{"@type":"ImageObject","inLanguage":"es","@id":"https:\/\/old.grupoacre.pe\/es\/contacto\/#primaryimage","url":"https:\/\/old.grupoacre.pe\/wp-content\/uploads\/sites\/4\/2017\/02\/contacto_01.jpg","contentUrl":"https:\/\/old.grupoacre.pe\/wp-content\/uploads\/sites\/4\/2017\/02\/contacto_01.jpg","width":1600,"height":400,"caption":"Contacto"},{"@type":"BreadcrumbList","@id":"https:\/\/old.grupoacre.pe\/es\/contacto\/#breadcrumb","itemListElement":[{"@type":"ListItem","position":1,"name":"Portada","item":"https:\/\/old.grupoacre.pe\/es\/"},{"@type":"ListItem","position":2,"name":"Contacto Grupo ACRE"}]},{"@type":"WebSite","@id":"https:\/\/old.grupoacre.pe\/es\/#website","url":"https:\/\/old.grupoacre.pe\/es\/","name":"Grupo Acre Per\u00fa","description":"Soluciones topogr\u00e1ficas","potentialAction":[{"@type":"SearchAction","target":{"@type":"EntryPoint","urlTemplate":"https:\/\/old.grupoacre.pe\/es\/?s={search_term_string}"},"query-input":{"@type":"PropertyValueSpecification","valueRequired":true,"valueName":"search_term_string"}}],"inLanguage":"es"}]}},"_links":{"self":[{"href":"https:\/\/old.grupoacre.pe\/es\/wp-json\/wp\/v2\/pages\/167","targetHints":{"allow":["GET"]}}],"collection":[{"href":"https:\/\/old.grupoacre.pe\/es\/wp-json\/wp\/v2\/pages"}],"about":[{"href":"https:\/\/old.grupoacre.pe\/es\/wp-json\/wp\/v2\/types\/page"}],"author":[{"embeddable":true,"href":"https:\/\/old.grupoacre.pe\/es\/wp-json\/wp\/v2\/users\/1"}],"replies":[{"embeddable":true,"href":"https:\/\/old.grupoacre.pe\/es\/wp-json\/wp\/v2\/comments?post=167"}],"version-history":[{"count":15,"href":"https:\/\/old.grupoacre.pe\/es\/wp-json\/wp\/v2\/pages\/167\/revisions"}],"predecessor-version":[{"id":339961,"href":"https:\/\/old.grupoacre.pe\/es\/wp-json\/wp\/v2\/pages\/167\/revisions\/339961"}],"wp:featuredmedia":[{"embeddable":true,"href":"https:\/\/old.grupoacre.pe\/es\/wp-json\/wp\/v2\/media\/593"}],"wp:attachment":[{"href":"https:\/\/old.grupoacre.pe\/es\/wp-json\/wp\/v2\/media?parent=167"}],"curies":[{"name":"wp","href":"https:\/\/api.w.org\/{rel}","templated":true}]}}