{"id":291543,"date":"2018-07-11T10:10:13","date_gmt":"2018-07-11T15:10:13","guid":{"rendered":"https:\/\/grupoacre.pe\/?page_id=291543"},"modified":"2020-10-26T06:16:46","modified_gmt":"2020-10-26T11:16:46","slug":"leica-pegasus-two-mobile-mapping-para-infraestructuras","status":"publish","type":"page","link":"https:\/\/old.grupoacre.pe\/es\/leica-pegasus-two-mobile-mapping-para-infraestructuras\/","title":{"rendered":"Mobile Mapping para infraestructuras"},"content":{"rendered":"<p class=\"qtranxs-available-languages-message qtranxs-available-languages-message-es\">Disculpa, pero esta entrada est\u00e1 disponible s\u00f3lo en <a href=\"https:\/\/old.grupoacre.pe\/pe\/wp-json\/wp\/v2\/pages\/291543\" class=\"qtranxs-available-language-link qtranxs-available-language-link-pe\" title=\"Espa\u00f1ol Per\u00fa\">Espa\u00f1ol Per\u00fa<\/a>.<\/p><p><\/p>\n<p style=\"text-align: left\"><a href=\"\/catalogo-productos\/sistema-mobile-mapping-leica-pegasus-two-ultimate\/\"><img loading=\"lazy\" decoding=\"async\" class=\"alignleft wp-image-304605\" src=\"https:\/\/grupoacre.pe\/wp-content\/uploads\/sites\/4\/2019\/08\/leica-pegasus-two-ultimate-300x198.jpg\" alt=\"leica-pegasus-two-ultimate\" width=\"200\" height=\"132\" \/><\/a><\/p>\n<p style=\"text-align: left\">Leica Pegasus Two Ultimate es la soluci\u00f3n Mobile Mapping para cartograf\u00eda m\u00f3vil que combina varios l\u00e1ser esc\u00e1neres con receptores GNSS, IMU y DMI. Puede ser montado en cualquier veh\u00edculo para la captura masiva de datos. Este innovador sistema de captura m\u00f3vil no solo captura nubes de puntos e im\u00e1genes, sino que tambi\u00e9n recoge datos de otros sensores adicionales. C\u00e1maras para el pavimento, sensores de contaminaci\u00f3n ac\u00fastica, sensores de calidad del aire o GeoRadar (GPR) para cartograf\u00eda de datos subterr\u00e1neos; todo ello nos permite hablar de plataforma multisensor.<\/p>\n<h3><a href=\"\/catalogo-productos\/sistema-mobile-mapping-leica-pegasus-two-ultimate\/\">M\u00e1s sobre la tecnolog\u00eda: Leica Pegasus TWO Ultimate<\/a><\/h3>\n<p>&nbsp;<\/p>\n<p>&nbsp;<\/p>","protected":false},"excerpt":{"rendered":"Disculpa, pero esta entrada est\u00e1 disponible s\u00f3lo en Espa\u00f1ol Per\u00fa. Leica Pegasus Two Ultimate es la soluci\u00f3n Mobile Mapping para cartograf\u00eda m\u00f3vil que combina varios l\u00e1ser esc\u00e1neres con receptores GNSS, IMU y DMI. Puede ser montado en cualquier veh\u00edculo para la captura masiva de datos. Este innovador sistema de captura m\u00f3vil no solo captura nubes&#8230;","protected":false},"author":714,"featured_media":0,"parent":0,"menu_order":0,"comment_status":"closed","ping_status":"closed","template":"template-sat.php","meta":{"_acf_changed":false,"footnotes":""},"class_list":["post-291543","page","type-page","status-publish","hentry"],"acf":[],"yoast_head":"<!-- This site is optimized with the Yoast SEO plugin v25.2 - https:\/\/yoast.com\/wordpress\/plugins\/seo\/ -->\n<title>Mobile Mapping para infraestructuras | Grupo Acre Per\u00fa<\/title>\n<meta name=\"description\" content=\"Leica Pegasus Two es la soluci\u00f3n Mobile Mapping para cartograf\u00eda m\u00f3vil que combina varios l\u00e1ser esc\u00e1neres con receptores GNSS, IMU y DMI.\" \/>\n<meta name=\"robots\" content=\"noindex, follow, max-snippet:-1, max-image-preview:large, max-video-preview:-1\" \/>\n<meta property=\"og:locale\" content=\"es_ES\" \/>\n<meta property=\"og:type\" content=\"article\" \/>\n<meta property=\"og:title\" content=\"Mobile Mapping para infraestructuras | Grupo Acre Per\u00fa\" \/>\n<meta property=\"og:description\" content=\"Leica Pegasus Two es la soluci\u00f3n Mobile Mapping para cartograf\u00eda m\u00f3vil que combina varios l\u00e1ser esc\u00e1neres con receptores GNSS, IMU y DMI.\" \/>\n<meta property=\"og:url\" content=\"https:\/\/old.grupoacre.pe\/es\/leica-pegasus-two-mobile-mapping-para-infraestructuras\/\" \/>\n<meta property=\"og:site_name\" content=\"Grupo Acre Per\u00fa\" \/>\n<meta property=\"article:publisher\" content=\"https:\/\/www.facebook.com\/Acre.Surveying.Solutions\" \/>\n<meta property=\"article:modified_time\" content=\"2020-10-26T11:16:46+00:00\" \/>\n<meta property=\"og:image\" content=\"https:\/\/grupoacre.pe\/wp-content\/uploads\/sites\/4\/2019\/08\/leica-pegasus-two-ultimate-300x198.jpg\" \/>\n<meta name=\"twitter:card\" content=\"summary_large_image\" \/>\n<meta name=\"twitter:site\" content=\"@AcreSurveying\" \/>\n<meta name=\"twitter:label1\" content=\"Tiempo de lectura\" \/>\n\t<meta name=\"twitter:data1\" content=\"1 minuto\" \/>\n<!-- \/ Yoast SEO plugin. -->","yoast_head_json":{"title":"Mobile Mapping para infraestructuras | Grupo Acre Per\u00fa","description":"Leica Pegasus Two es la soluci\u00f3n Mobile Mapping para cartograf\u00eda m\u00f3vil que combina varios l\u00e1ser esc\u00e1neres con receptores GNSS, IMU y DMI.","robots":{"index":"noindex","follow":"follow","max-snippet":"max-snippet:-1","max-image-preview":"max-image-preview:large","max-video-preview":"max-video-preview:-1"},"og_locale":"es_ES","og_type":"article","og_title":"Mobile Mapping para infraestructuras | Grupo Acre Per\u00fa","og_description":"Leica Pegasus Two es la soluci\u00f3n Mobile Mapping para cartograf\u00eda m\u00f3vil que combina varios l\u00e1ser esc\u00e1neres con receptores GNSS, IMU y DMI.","og_url":"https:\/\/old.grupoacre.pe\/es\/leica-pegasus-two-mobile-mapping-para-infraestructuras\/","og_site_name":"Grupo Acre Per\u00fa","article_publisher":"https:\/\/www.facebook.com\/Acre.Surveying.Solutions","article_modified_time":"2020-10-26T11:16:46+00:00","og_image":[{"url":"https:\/\/grupoacre.pe\/wp-content\/uploads\/sites\/4\/2019\/08\/leica-pegasus-two-ultimate-300x198.jpg","type":"","width":"","height":""}],"twitter_card":"summary_large_image","twitter_site":"@AcreSurveying","twitter_misc":{"Tiempo de lectura":"1 minuto"},"schema":{"@context":"https:\/\/schema.org","@graph":[{"@type":"WebPage","@id":"https:\/\/old.grupoacre.pe\/es\/leica-pegasus-two-mobile-mapping-para-infraestructuras\/","url":"https:\/\/old.grupoacre.pe\/es\/leica-pegasus-two-mobile-mapping-para-infraestructuras\/","name":"Mobile Mapping para infraestructuras | Grupo Acre Per\u00fa","isPartOf":{"@id":"https:\/\/old.grupoacre.pe\/es\/#website"},"primaryImageOfPage":{"@id":"https:\/\/old.grupoacre.pe\/es\/leica-pegasus-two-mobile-mapping-para-infraestructuras\/#primaryimage"},"image":{"@id":"https:\/\/old.grupoacre.pe\/es\/leica-pegasus-two-mobile-mapping-para-infraestructuras\/#primaryimage"},"thumbnailUrl":"https:\/\/grupoacre.pe\/wp-content\/uploads\/sites\/4\/2019\/08\/leica-pegasus-two-ultimate-300x198.jpg","datePublished":"2018-07-11T15:10:13+00:00","dateModified":"2020-10-26T11:16:46+00:00","description":"Leica Pegasus Two es la soluci\u00f3n Mobile Mapping para cartograf\u00eda m\u00f3vil que combina varios l\u00e1ser esc\u00e1neres con receptores GNSS, IMU y DMI.","breadcrumb":{"@id":"https:\/\/old.grupoacre.pe\/es\/leica-pegasus-two-mobile-mapping-para-infraestructuras\/#breadcrumb"},"inLanguage":"es","potentialAction":[{"@type":"ReadAction","target":[["https:\/\/old.grupoacre.pe\/es\/leica-pegasus-two-mobile-mapping-para-infraestructuras\/"]]}]},{"@type":"ImageObject","inLanguage":"es","@id":"https:\/\/old.grupoacre.pe\/es\/leica-pegasus-two-mobile-mapping-para-infraestructuras\/#primaryimage","url":"https:\/\/grupoacre.pe\/wp-content\/uploads\/sites\/4\/2019\/08\/leica-pegasus-two-ultimate-300x198.jpg","contentUrl":"https:\/\/grupoacre.pe\/wp-content\/uploads\/sites\/4\/2019\/08\/leica-pegasus-two-ultimate-300x198.jpg"},{"@type":"BreadcrumbList","@id":"https:\/\/old.grupoacre.pe\/es\/leica-pegasus-two-mobile-mapping-para-infraestructuras\/#breadcrumb","itemListElement":[{"@type":"ListItem","position":1,"name":"Portada","item":"https:\/\/old.grupoacre.pe\/es\/"},{"@type":"ListItem","position":2,"name":"Mobile Mapping para infraestructuras"}]},{"@type":"WebSite","@id":"https:\/\/old.grupoacre.pe\/es\/#website","url":"https:\/\/old.grupoacre.pe\/es\/","name":"Grupo Acre Per\u00fa","description":"Soluciones topogr\u00e1ficas","potentialAction":[{"@type":"SearchAction","target":{"@type":"EntryPoint","urlTemplate":"https:\/\/old.grupoacre.pe\/es\/?s={search_term_string}"},"query-input":{"@type":"PropertyValueSpecification","valueRequired":true,"valueName":"search_term_string"}}],"inLanguage":"es"}]}},"_links":{"self":[{"href":"https:\/\/old.grupoacre.pe\/es\/wp-json\/wp\/v2\/pages\/291543","targetHints":{"allow":["GET"]}}],"collection":[{"href":"https:\/\/old.grupoacre.pe\/es\/wp-json\/wp\/v2\/pages"}],"about":[{"href":"https:\/\/old.grupoacre.pe\/es\/wp-json\/wp\/v2\/types\/page"}],"author":[{"embeddable":true,"href":"https:\/\/old.grupoacre.pe\/es\/wp-json\/wp\/v2\/users\/714"}],"replies":[{"embeddable":true,"href":"https:\/\/old.grupoacre.pe\/es\/wp-json\/wp\/v2\/comments?post=291543"}],"version-history":[{"count":4,"href":"https:\/\/old.grupoacre.pe\/es\/wp-json\/wp\/v2\/pages\/291543\/revisions"}],"predecessor-version":[{"id":314090,"href":"https:\/\/old.grupoacre.pe\/es\/wp-json\/wp\/v2\/pages\/291543\/revisions\/314090"}],"wp:attachment":[{"href":"https:\/\/old.grupoacre.pe\/es\/wp-json\/wp\/v2\/media?parent=291543"}],"curies":[{"name":"wp","href":"https:\/\/api.w.org\/{rel}","templated":true}]}}