{"id":291552,"date":"2018-07-11T10:22:41","date_gmt":"2018-07-11T15:22:41","guid":{"rendered":"https:\/\/grupoacre.pe\/?page_id=291552"},"modified":"2020-10-26T06:39:17","modified_gmt":"2020-10-26T11:39:17","slug":"mobile-mapping-en-smart-cities","status":"publish","type":"page","link":"https:\/\/old.grupoacre.pe\/es\/mobile-mapping-en-smart-cities\/","title":{"rendered":"Mobile Mapping en Smart Cities"},"content":{"rendered":"<p class=\"qtranxs-available-languages-message qtranxs-available-languages-message-es\">Disculpa, pero esta entrada est\u00e1 disponible s\u00f3lo en <a href=\"https:\/\/old.grupoacre.pe\/pe\/wp-json\/wp\/v2\/pages\/291552\" class=\"qtranxs-available-language-link qtranxs-available-language-link-pe\" title=\"Espa\u00f1ol Per\u00fa\">Espa\u00f1ol Per\u00fa<\/a>.<\/p><p>Leica Pegasus Two Ultimate es una soluci\u00f3n de cartograf\u00eda m\u00f3vil 3D capaz de adquirir en movimiento datos reales y precisos de las ciudades sobre cualquier veh\u00edculo.\u00a0 La gesti\u00f3n de las nuevas ciudades inteligentes exige un tratamiento eficiente de la informaci\u00f3n. La captura de datos de la realidad permite a los ayuntamientos tener un adecuado control del inventario para la gesti\u00f3n de servicios, el tr\u00e1fico y el funcionamiento eficaz de los servicios p\u00fablicos municipales. Mobile Mapping en Smart Cities El acceso y uso de esta cartograf\u00eda supone para los ciudadanos\u00a0 una garant\u00eda del buen funcionamiento de los servicios y, para el turismo, una nueva manera de experimentar las ciudades desde un punto de vista\u00a0 digital, con informaci\u00f3n pertinente y actualizada.<\/p>\n<h3><a href=\"https:\/\/grupoacre.pe\/catalogo-productos\/sistema-mobile-mapping-leica-pegasus-two-ultimate\/\">M\u00e1s sobre la tecnolog\u00eda:Leica Pegasus TWO Ultimate<\/a><\/h3>\n<p>&nbsp;<\/p>","protected":false},"excerpt":{"rendered":"Disculpa, pero esta entrada est\u00e1 disponible s\u00f3lo en Espa\u00f1ol Per\u00fa.Leica Pegasus Two Ultimate es una soluci\u00f3n de cartograf\u00eda m\u00f3vil 3D capaz de adquirir en movimiento datos reales y precisos de las ciudades sobre cualquier veh\u00edculo.\u00a0 La gesti\u00f3n de las nuevas ciudades inteligentes exige un tratamiento eficiente de la informaci\u00f3n. La captura de datos de la&#8230;","protected":false},"author":714,"featured_media":0,"parent":0,"menu_order":0,"comment_status":"closed","ping_status":"closed","template":"","meta":{"_acf_changed":false,"footnotes":""},"class_list":["post-291552","page","type-page","status-publish","hentry"],"acf":[],"yoast_head":"<!-- This site is optimized with the Yoast SEO plugin v25.2 - https:\/\/yoast.com\/wordpress\/plugins\/seo\/ -->\n<title>Mobile Mapping en Smart Cities | Grupo Acre Per\u00fa<\/title>\n<meta name=\"description\" content=\"Mobile Mapping en Smart Cities El acceso y uso de esta cartograf\u00eda supone para los ciudadanos\u00a0 una garant\u00eda del buen funcionamiento de los servicios.\" \/>\n<meta name=\"robots\" content=\"noindex, follow, max-snippet:-1, max-image-preview:large, max-video-preview:-1\" \/>\n<meta property=\"og:locale\" content=\"es_ES\" \/>\n<meta property=\"og:type\" content=\"article\" \/>\n<meta property=\"og:title\" content=\"Mobile Mapping en Smart Cities | Grupo Acre Per\u00fa\" \/>\n<meta property=\"og:description\" content=\"Mobile Mapping en Smart Cities El acceso y uso de esta cartograf\u00eda supone para los ciudadanos\u00a0 una garant\u00eda del buen funcionamiento de los servicios.\" \/>\n<meta property=\"og:url\" content=\"https:\/\/old.grupoacre.pe\/es\/mobile-mapping-en-smart-cities\/\" \/>\n<meta property=\"og:site_name\" content=\"Grupo Acre Per\u00fa\" \/>\n<meta property=\"article:publisher\" content=\"https:\/\/www.facebook.com\/Acre.Surveying.Solutions\" \/>\n<meta property=\"article:modified_time\" content=\"2020-10-26T11:39:17+00:00\" \/>\n<meta name=\"twitter:card\" content=\"summary_large_image\" \/>\n<meta name=\"twitter:site\" content=\"@AcreSurveying\" \/>\n<meta name=\"twitter:label1\" content=\"Tiempo de lectura\" \/>\n\t<meta name=\"twitter:data1\" content=\"1 minuto\" \/>\n<!-- \/ Yoast SEO plugin. -->","yoast_head_json":{"title":"Mobile Mapping en Smart Cities | Grupo Acre Per\u00fa","description":"Mobile Mapping en Smart Cities El acceso y uso de esta cartograf\u00eda supone para los ciudadanos\u00a0 una garant\u00eda del buen funcionamiento de los servicios.","robots":{"index":"noindex","follow":"follow","max-snippet":"max-snippet:-1","max-image-preview":"max-image-preview:large","max-video-preview":"max-video-preview:-1"},"og_locale":"es_ES","og_type":"article","og_title":"Mobile Mapping en Smart Cities | Grupo Acre Per\u00fa","og_description":"Mobile Mapping en Smart Cities El acceso y uso de esta cartograf\u00eda supone para los ciudadanos\u00a0 una garant\u00eda del buen funcionamiento de los servicios.","og_url":"https:\/\/old.grupoacre.pe\/es\/mobile-mapping-en-smart-cities\/","og_site_name":"Grupo Acre Per\u00fa","article_publisher":"https:\/\/www.facebook.com\/Acre.Surveying.Solutions","article_modified_time":"2020-10-26T11:39:17+00:00","twitter_card":"summary_large_image","twitter_site":"@AcreSurveying","twitter_misc":{"Tiempo de lectura":"1 minuto"},"schema":{"@context":"https:\/\/schema.org","@graph":[{"@type":"WebPage","@id":"https:\/\/old.grupoacre.pe\/es\/mobile-mapping-en-smart-cities\/","url":"https:\/\/old.grupoacre.pe\/es\/mobile-mapping-en-smart-cities\/","name":"Mobile Mapping en Smart Cities | Grupo Acre Per\u00fa","isPartOf":{"@id":"https:\/\/old.grupoacre.pe\/es\/#website"},"datePublished":"2018-07-11T15:22:41+00:00","dateModified":"2020-10-26T11:39:17+00:00","description":"Mobile Mapping en Smart Cities El acceso y uso de esta cartograf\u00eda supone para los ciudadanos\u00a0 una garant\u00eda del buen funcionamiento de los servicios.","breadcrumb":{"@id":"https:\/\/old.grupoacre.pe\/es\/mobile-mapping-en-smart-cities\/#breadcrumb"},"inLanguage":"es","potentialAction":[{"@type":"ReadAction","target":[["https:\/\/old.grupoacre.pe\/es\/mobile-mapping-en-smart-cities\/"]]}]},{"@type":"BreadcrumbList","@id":"https:\/\/old.grupoacre.pe\/es\/mobile-mapping-en-smart-cities\/#breadcrumb","itemListElement":[{"@type":"ListItem","position":1,"name":"Portada","item":"https:\/\/old.grupoacre.pe\/es\/"},{"@type":"ListItem","position":2,"name":"Mobile Mapping en Smart Cities"}]},{"@type":"WebSite","@id":"https:\/\/old.grupoacre.pe\/es\/#website","url":"https:\/\/old.grupoacre.pe\/es\/","name":"Grupo Acre Per\u00fa","description":"Soluciones topogr\u00e1ficas","potentialAction":[{"@type":"SearchAction","target":{"@type":"EntryPoint","urlTemplate":"https:\/\/old.grupoacre.pe\/es\/?s={search_term_string}"},"query-input":{"@type":"PropertyValueSpecification","valueRequired":true,"valueName":"search_term_string"}}],"inLanguage":"es"}]}},"_links":{"self":[{"href":"https:\/\/old.grupoacre.pe\/es\/wp-json\/wp\/v2\/pages\/291552","targetHints":{"allow":["GET"]}}],"collection":[{"href":"https:\/\/old.grupoacre.pe\/es\/wp-json\/wp\/v2\/pages"}],"about":[{"href":"https:\/\/old.grupoacre.pe\/es\/wp-json\/wp\/v2\/types\/page"}],"author":[{"embeddable":true,"href":"https:\/\/old.grupoacre.pe\/es\/wp-json\/wp\/v2\/users\/714"}],"replies":[{"embeddable":true,"href":"https:\/\/old.grupoacre.pe\/es\/wp-json\/wp\/v2\/comments?post=291552"}],"version-history":[{"count":4,"href":"https:\/\/old.grupoacre.pe\/es\/wp-json\/wp\/v2\/pages\/291552\/revisions"}],"predecessor-version":[{"id":314092,"href":"https:\/\/old.grupoacre.pe\/es\/wp-json\/wp\/v2\/pages\/291552\/revisions\/314092"}],"wp:attachment":[{"href":"https:\/\/old.grupoacre.pe\/es\/wp-json\/wp\/v2\/media?parent=291552"}],"curies":[{"name":"wp","href":"https:\/\/api.w.org\/{rel}","templated":true}]}}