{"id":315705,"date":"2021-02-10T04:03:19","date_gmt":"2021-02-10T09:03:19","guid":{"rendered":"https:\/\/grupoacre.pe\/?page_id=315705"},"modified":"2021-02-10T04:46:34","modified_gmt":"2021-02-10T09:46:34","slug":"servicio-tecnico-oficial-de-amberg-technologies","status":"publish","type":"page","link":"https:\/\/old.grupoacre.pe\/es\/soporte\/servicio-tecnico-oficial-de-amberg-technologies\/","title":{"rendered":"Servicio T\u00e9cnico Oficial de Amberg Technologies"},"content":{"rendered":"<p class=\"qtranxs-available-languages-message qtranxs-available-languages-message-es\">Disculpa, pero esta entrada est\u00e1 disponible s\u00f3lo en <a href=\"https:\/\/old.grupoacre.pe\/pe\/wp-json\/wp\/v2\/pages\/315705\" class=\"qtranxs-available-language-link qtranxs-available-language-link-pe\" title=\"Espa\u00f1ol Per\u00fa\">Espa\u00f1ol Per\u00fa<\/a>.<\/p><p><img decoding=\"async\" class=\"alignright size-medium wp-image-170448\" src=\"https:\/\/grupoacre.co\/wp-content\/uploads\/sites\/6\/2021\/02\/amberg_technologies_logo-300x100.png\" alt=\"amberg_technologies_logo\" \/><\/p>\n<p>Los equipos de\u00a0<strong>medici\u00f3n en v\u00eda GRP,<\/strong>\u00a0son equipos de alta precisi\u00f3n, y por tanto, necesitan un mantenimiento minucioso para garantizar el cumplimiento de las tolerancias exigidas en los montajes y auscultaciones de v\u00eda de los principales\u00a0<strong>operadores ferroviarios<\/strong>.<\/p>\n<p>Nuestra <strong>gesti\u00f3n integral de activos de infraestructura<\/strong>, control de calidad confiable en el <strong>proceso de construcci\u00f3n y mantenimiento<\/strong>, as\u00ed como conocimiento del estado y requisitos de la <strong>red ferroviaria<\/strong>: elementos importantes para una infraestructura de <strong>transporte confiable y eficiente<\/strong>.<br \/>\nCon el <strong>GRP System FX altamente modula<\/strong>r y la plataforma de software a medida <strong>Amberg Rail 3.0<\/strong>, <strong>Amberg Technologies<\/strong> proporciona sistemas de medici\u00f3n para topograf\u00eda ferroviaria, que cumplen con la <strong>m\u00e1s alta calidad<\/strong>, confiabilidad, rendimiento de medici\u00f3n y, finalmente, requisitos econ\u00f3micos. Se admiten los siguientes campos de aplicaci\u00f3n: construcci\u00f3n y mantenimiento de v\u00eda en placa y v\u00eda en balasto, <strong>levantamiento de l\u00edneas existentes<\/strong> seg\u00fan obra, an\u00e1lisis de despeje.<\/p>\n<h4>Servicio de calibrado y reparaci\u00f3n<\/h4>\n<p>En caso de aver\u00eda o necesidad de ajuste, nuestro servicio t\u00e9cnico le ofrece\u00a0<strong>reparaciones y calibrados<\/strong>\u00a0en todos los aparatos de medici\u00f3n y topograf\u00eda.<\/p>\n<h4>Registro de la intervenciones<\/h4>\n<p>Todas las intervenciones se realizan mediante la monitorizaci\u00f3n de los instrumentos con un programa de servicio,\u00a0<strong>quedando registro<\/strong>\u00a0de los trabajos realizados sobre el instrumento en nuestros servidores por un\u00a0<strong>periodo de 13 a\u00f1os<\/strong>.<\/p>\n<p>&nbsp;<\/p>","protected":false},"excerpt":{"rendered":"Disculpa, pero esta entrada est\u00e1 disponible s\u00f3lo en Espa\u00f1ol Per\u00fa. Los equipos de\u00a0medici\u00f3n en v\u00eda GRP,\u00a0son equipos de alta precisi\u00f3n, y por tanto, necesitan un mantenimiento minucioso para garantizar el cumplimiento de las tolerancias exigidas en los montajes y auscultaciones de v\u00eda de los principales\u00a0operadores ferroviarios. Nuestra gesti\u00f3n integral de activos de infraestructura, control de&#8230;","protected":false},"author":9,"featured_media":0,"parent":429,"menu_order":0,"comment_status":"closed","ping_status":"closed","template":"template-sat.php","meta":{"_acf_changed":false,"footnotes":""},"class_list":["post-315705","page","type-page","status-publish","hentry"],"acf":[],"yoast_head":"<!-- This site is optimized with the Yoast SEO plugin v25.2 - https:\/\/yoast.com\/wordpress\/plugins\/seo\/ -->\n<title>Servicio T\u00e9cnico Oficial de Amberg Technologies | Grupo Acre Per\u00fa<\/title>\n<meta name=\"description\" content=\"\ud83d\udc49 Grupo ACRE se hace con la distribuci\u00f3n y servicio t\u00e9cnico oficial de Amberg Technologies y sus innovadoras soluciones para el ferrocarril.\" \/>\n<meta name=\"robots\" content=\"noindex, follow, max-snippet:-1, max-image-preview:large, max-video-preview:-1\" \/>\n<meta property=\"og:locale\" content=\"es_ES\" \/>\n<meta property=\"og:type\" content=\"article\" \/>\n<meta property=\"og:title\" content=\"Servicio T\u00e9cnico Oficial de Amberg Technologies | Grupo Acre Per\u00fa\" \/>\n<meta property=\"og:description\" content=\"\ud83d\udc49 Grupo ACRE se hace con la distribuci\u00f3n y servicio t\u00e9cnico oficial de Amberg Technologies y sus innovadoras soluciones para el ferrocarril.\" \/>\n<meta property=\"og:url\" content=\"https:\/\/old.grupoacre.pe\/es\/soporte\/servicio-tecnico-oficial-de-amberg-technologies\/\" \/>\n<meta property=\"og:site_name\" content=\"Grupo Acre Per\u00fa\" \/>\n<meta property=\"article:publisher\" content=\"https:\/\/www.facebook.com\/Acre.Surveying.Solutions\" \/>\n<meta property=\"article:modified_time\" content=\"2021-02-10T09:46:34+00:00\" \/>\n<meta property=\"og:image\" content=\"https:\/\/grupoacre.co\/wp-content\/uploads\/sites\/6\/2021\/02\/amberg_technologies_logo-300x100.png\" \/>\n<meta name=\"twitter:card\" content=\"summary_large_image\" \/>\n<meta name=\"twitter:site\" content=\"@AcreSurveying\" \/>\n<meta name=\"twitter:label1\" content=\"Tiempo de lectura\" \/>\n\t<meta name=\"twitter:data1\" content=\"1 minuto\" \/>\n<!-- \/ Yoast SEO plugin. -->","yoast_head_json":{"title":"Servicio T\u00e9cnico Oficial de Amberg Technologies | Grupo Acre Per\u00fa","description":"\ud83d\udc49 Grupo ACRE se hace con la distribuci\u00f3n y servicio t\u00e9cnico oficial de Amberg Technologies y sus innovadoras soluciones para el ferrocarril.","robots":{"index":"noindex","follow":"follow","max-snippet":"max-snippet:-1","max-image-preview":"max-image-preview:large","max-video-preview":"max-video-preview:-1"},"og_locale":"es_ES","og_type":"article","og_title":"Servicio T\u00e9cnico Oficial de Amberg Technologies | Grupo Acre Per\u00fa","og_description":"\ud83d\udc49 Grupo ACRE se hace con la distribuci\u00f3n y servicio t\u00e9cnico oficial de Amberg Technologies y sus innovadoras soluciones para el ferrocarril.","og_url":"https:\/\/old.grupoacre.pe\/es\/soporte\/servicio-tecnico-oficial-de-amberg-technologies\/","og_site_name":"Grupo Acre Per\u00fa","article_publisher":"https:\/\/www.facebook.com\/Acre.Surveying.Solutions","article_modified_time":"2021-02-10T09:46:34+00:00","og_image":[{"url":"https:\/\/grupoacre.co\/wp-content\/uploads\/sites\/6\/2021\/02\/amberg_technologies_logo-300x100.png","type":"","width":"","height":""}],"twitter_card":"summary_large_image","twitter_site":"@AcreSurveying","twitter_misc":{"Tiempo de lectura":"1 minuto"},"schema":{"@context":"https:\/\/schema.org","@graph":[{"@type":"WebPage","@id":"https:\/\/old.grupoacre.pe\/es\/soporte\/servicio-tecnico-oficial-de-amberg-technologies\/","url":"https:\/\/old.grupoacre.pe\/es\/soporte\/servicio-tecnico-oficial-de-amberg-technologies\/","name":"Servicio T\u00e9cnico Oficial de Amberg Technologies | Grupo Acre Per\u00fa","isPartOf":{"@id":"https:\/\/old.grupoacre.pe\/es\/#website"},"primaryImageOfPage":{"@id":"https:\/\/old.grupoacre.pe\/es\/soporte\/servicio-tecnico-oficial-de-amberg-technologies\/#primaryimage"},"image":{"@id":"https:\/\/old.grupoacre.pe\/es\/soporte\/servicio-tecnico-oficial-de-amberg-technologies\/#primaryimage"},"thumbnailUrl":"https:\/\/grupoacre.co\/wp-content\/uploads\/sites\/6\/2021\/02\/amberg_technologies_logo-300x100.png","datePublished":"2021-02-10T09:03:19+00:00","dateModified":"2021-02-10T09:46:34+00:00","description":"\ud83d\udc49 Grupo ACRE se hace con la distribuci\u00f3n y servicio t\u00e9cnico oficial de Amberg Technologies y sus innovadoras soluciones para el ferrocarril.","breadcrumb":{"@id":"https:\/\/old.grupoacre.pe\/es\/soporte\/servicio-tecnico-oficial-de-amberg-technologies\/#breadcrumb"},"inLanguage":"es","potentialAction":[{"@type":"ReadAction","target":[["https:\/\/old.grupoacre.pe\/es\/soporte\/servicio-tecnico-oficial-de-amberg-technologies\/"]]}]},{"@type":"ImageObject","inLanguage":"es","@id":"https:\/\/old.grupoacre.pe\/es\/soporte\/servicio-tecnico-oficial-de-amberg-technologies\/#primaryimage","url":"https:\/\/grupoacre.co\/wp-content\/uploads\/sites\/6\/2021\/02\/amberg_technologies_logo-300x100.png","contentUrl":"https:\/\/grupoacre.co\/wp-content\/uploads\/sites\/6\/2021\/02\/amberg_technologies_logo-300x100.png"},{"@type":"BreadcrumbList","@id":"https:\/\/old.grupoacre.pe\/es\/soporte\/servicio-tecnico-oficial-de-amberg-technologies\/#breadcrumb","itemListElement":[{"@type":"ListItem","position":1,"name":"Portada","item":"https:\/\/old.grupoacre.pe\/es\/"},{"@type":"ListItem","position":2,"name":"Soporte","item":"https:\/\/old.grupoacre.pe\/es\/soporte\/"},{"@type":"ListItem","position":3,"name":"Servicio T\u00e9cnico Oficial de Amberg Technologies"}]},{"@type":"WebSite","@id":"https:\/\/old.grupoacre.pe\/es\/#website","url":"https:\/\/old.grupoacre.pe\/es\/","name":"Grupo Acre Per\u00fa","description":"Soluciones topogr\u00e1ficas","potentialAction":[{"@type":"SearchAction","target":{"@type":"EntryPoint","urlTemplate":"https:\/\/old.grupoacre.pe\/es\/?s={search_term_string}"},"query-input":{"@type":"PropertyValueSpecification","valueRequired":true,"valueName":"search_term_string"}}],"inLanguage":"es"}]}},"_links":{"self":[{"href":"https:\/\/old.grupoacre.pe\/es\/wp-json\/wp\/v2\/pages\/315705","targetHints":{"allow":["GET"]}}],"collection":[{"href":"https:\/\/old.grupoacre.pe\/es\/wp-json\/wp\/v2\/pages"}],"about":[{"href":"https:\/\/old.grupoacre.pe\/es\/wp-json\/wp\/v2\/types\/page"}],"author":[{"embeddable":true,"href":"https:\/\/old.grupoacre.pe\/es\/wp-json\/wp\/v2\/users\/9"}],"replies":[{"embeddable":true,"href":"https:\/\/old.grupoacre.pe\/es\/wp-json\/wp\/v2\/comments?post=315705"}],"version-history":[{"count":1,"href":"https:\/\/old.grupoacre.pe\/es\/wp-json\/wp\/v2\/pages\/315705\/revisions"}],"predecessor-version":[{"id":315708,"href":"https:\/\/old.grupoacre.pe\/es\/wp-json\/wp\/v2\/pages\/315705\/revisions\/315708"}],"up":[{"embeddable":true,"href":"https:\/\/old.grupoacre.pe\/es\/wp-json\/wp\/v2\/pages\/429"}],"wp:attachment":[{"href":"https:\/\/old.grupoacre.pe\/es\/wp-json\/wp\/v2\/media?parent=315705"}],"curies":[{"name":"wp","href":"https:\/\/api.w.org\/{rel}","templated":true}]}}