{"id":398,"date":"2017-02-21T14:58:47","date_gmt":"2017-02-21T14:58:47","guid":{"rendered":"http:\/\/es.acre.fullcircle.es\/?page_id=398"},"modified":"2018-01-08T09:42:42","modified_gmt":"2018-01-08T09:42:42","slug":"sectores-de-aplicacion","status":"publish","type":"page","link":"https:\/\/old.grupoacre.pe\/es\/sectores-de-aplicacion\/","title":{"rendered":"Sectores de aplicaci\u00f3n"},"content":{"rendered":"<p>En Grupo Acre, l\u00edderes en el mercado de la topograf\u00eda, tenemos el objetivo de satisfacer las exigencias del mercado gracias a nuestra <a href=\"https:\/\/grupoacre.es\/productos\/\">extensa gama de productos<\/a>, lo que nos permite estar presentes como proveedores en empresas y <strong>sectores de aplicaci\u00f3n<\/strong> muy variados.<\/p>\n<p>Nuestros clientes siempre podr\u00e1n estar en contacto con uno de <a href=\"https:\/\/grupoacre.es\/sectores-de-aplicacion\/asesoramiento-profesional-tecnico-comercial-equipos-topograficos-geodesia-medicion\/\">nuestros expertos que le aconsejar\u00e1n<\/a> en el mejor producto para su sector, permiti\u00e9ndoles encontrar la soluci\u00f3n m\u00e1s eficiente tanto a nivel t\u00e9cnico como econ\u00f3mico.<\/p>\n<p>&nbsp;<\/p>","protected":false},"excerpt":{"rendered":"En Grupo Acre, l\u00edderes en el mercado de la topograf\u00eda, tenemos el objetivo de satisfacer las exigencias del mercado gracias a nuestra extensa gama de productos, lo que nos permite estar presentes como proveedores en empresas y sectores de aplicaci\u00f3n muy variados. Nuestros clientes siempre podr\u00e1n estar en contacto con uno de nuestros expertos que&#8230;","protected":false},"author":1,"featured_media":79044,"parent":0,"menu_order":3,"comment_status":"closed","ping_status":"closed","template":"","meta":{"_acf_changed":false,"footnotes":""},"class_list":["post-398","page","type-page","status-publish","has-post-thumbnail","hentry"],"acf":[],"yoast_head":"<!-- This site is optimized with the Yoast SEO plugin v25.2 - https:\/\/yoast.com\/wordpress\/plugins\/seo\/ -->\n<title>Sectores de aplicaci\u00f3n | Grupo Acre Per\u00fa<\/title>\n<meta name=\"description\" content=\"En Grupo Acre, l\u00edderes en el mercado de la topograf\u00eda, tenemos el objetivo de satisfacer las exigencias del mercado gracias a nuestra extensa gama de\" \/>\n<meta name=\"robots\" content=\"noindex, follow, max-snippet:-1, max-image-preview:large, max-video-preview:-1\" \/>\n<meta property=\"og:locale\" content=\"es_ES\" \/>\n<meta property=\"og:type\" content=\"article\" \/>\n<meta property=\"og:title\" content=\"Sectores de aplicaci\u00f3n | Grupo Acre Per\u00fa\" \/>\n<meta property=\"og:description\" content=\"En Grupo Acre, l\u00edderes en el mercado de la topograf\u00eda, tenemos el objetivo de satisfacer las exigencias del mercado gracias a nuestra extensa gama de\" \/>\n<meta property=\"og:url\" content=\"https:\/\/old.grupoacre.pe\/es\/sectores-de-aplicacion\/\" \/>\n<meta property=\"og:site_name\" content=\"Grupo Acre Per\u00fa\" \/>\n<meta property=\"article:publisher\" content=\"https:\/\/www.facebook.com\/Acre.Surveying.Solutions\" \/>\n<meta property=\"article:modified_time\" content=\"2018-01-08T09:42:42+00:00\" \/>\n<meta property=\"og:image\" content=\"https:\/\/old.grupoacre.pe\/wp-content\/uploads\/sites\/4\/2017\/06\/reformas-interiores.jpg\" \/>\n\t<meta property=\"og:image:width\" content=\"680\" \/>\n\t<meta property=\"og:image:height\" content=\"400\" \/>\n\t<meta property=\"og:image:type\" content=\"image\/jpeg\" \/>\n<meta name=\"twitter:card\" content=\"summary_large_image\" \/>\n<meta name=\"twitter:site\" content=\"@AcreSurveying\" \/>\n<meta name=\"twitter:label1\" content=\"Tiempo de lectura\" \/>\n\t<meta name=\"twitter:data1\" content=\"2 minutos\" \/>\n<!-- \/ Yoast SEO plugin. -->","yoast_head_json":{"title":"Sectores de aplicaci\u00f3n | Grupo Acre Per\u00fa","description":"En Grupo Acre, l\u00edderes en el mercado de la topograf\u00eda, tenemos el objetivo de satisfacer las exigencias del mercado gracias a nuestra extensa gama de","robots":{"index":"noindex","follow":"follow","max-snippet":"max-snippet:-1","max-image-preview":"max-image-preview:large","max-video-preview":"max-video-preview:-1"},"og_locale":"es_ES","og_type":"article","og_title":"Sectores de aplicaci\u00f3n | Grupo Acre Per\u00fa","og_description":"En Grupo Acre, l\u00edderes en el mercado de la topograf\u00eda, tenemos el objetivo de satisfacer las exigencias del mercado gracias a nuestra extensa gama de","og_url":"https:\/\/old.grupoacre.pe\/es\/sectores-de-aplicacion\/","og_site_name":"Grupo Acre Per\u00fa","article_publisher":"https:\/\/www.facebook.com\/Acre.Surveying.Solutions","article_modified_time":"2018-01-08T09:42:42+00:00","og_image":[{"width":680,"height":400,"url":"https:\/\/old.grupoacre.pe\/wp-content\/uploads\/sites\/4\/2017\/06\/reformas-interiores.jpg","type":"image\/jpeg"}],"twitter_card":"summary_large_image","twitter_site":"@AcreSurveying","twitter_misc":{"Tiempo de lectura":"2 minutos"},"schema":{"@context":"https:\/\/schema.org","@graph":[{"@type":"WebPage","@id":"https:\/\/old.grupoacre.pe\/es\/sectores-de-aplicacion\/","url":"https:\/\/old.grupoacre.pe\/es\/sectores-de-aplicacion\/","name":"Sectores de aplicaci\u00f3n | Grupo Acre Per\u00fa","isPartOf":{"@id":"https:\/\/old.grupoacre.pe\/es\/#website"},"primaryImageOfPage":{"@id":"https:\/\/old.grupoacre.pe\/es\/sectores-de-aplicacion\/#primaryimage"},"image":{"@id":"https:\/\/old.grupoacre.pe\/es\/sectores-de-aplicacion\/#primaryimage"},"thumbnailUrl":"https:\/\/old.grupoacre.pe\/wp-content\/uploads\/sites\/4\/2017\/06\/reformas-interiores.jpg","datePublished":"2017-02-21T14:58:47+00:00","dateModified":"2018-01-08T09:42:42+00:00","description":"En Grupo Acre, l\u00edderes en el mercado de la topograf\u00eda, tenemos el objetivo de satisfacer las exigencias del mercado gracias a nuestra extensa gama de","breadcrumb":{"@id":"https:\/\/old.grupoacre.pe\/es\/sectores-de-aplicacion\/#breadcrumb"},"inLanguage":"es","potentialAction":[{"@type":"ReadAction","target":[["https:\/\/old.grupoacre.pe\/es\/sectores-de-aplicacion\/"]]}]},{"@type":"ImageObject","inLanguage":"es","@id":"https:\/\/old.grupoacre.pe\/es\/sectores-de-aplicacion\/#primaryimage","url":"https:\/\/old.grupoacre.pe\/wp-content\/uploads\/sites\/4\/2017\/06\/reformas-interiores.jpg","contentUrl":"https:\/\/old.grupoacre.pe\/wp-content\/uploads\/sites\/4\/2017\/06\/reformas-interiores.jpg","width":680,"height":400},{"@type":"BreadcrumbList","@id":"https:\/\/old.grupoacre.pe\/es\/sectores-de-aplicacion\/#breadcrumb","itemListElement":[{"@type":"ListItem","position":1,"name":"Portada","item":"https:\/\/old.grupoacre.pe\/es\/"},{"@type":"ListItem","position":2,"name":"Sectores de aplicaci\u00f3n"}]},{"@type":"WebSite","@id":"https:\/\/old.grupoacre.pe\/es\/#website","url":"https:\/\/old.grupoacre.pe\/es\/","name":"Grupo Acre Per\u00fa","description":"Soluciones topogr\u00e1ficas","potentialAction":[{"@type":"SearchAction","target":{"@type":"EntryPoint","urlTemplate":"https:\/\/old.grupoacre.pe\/es\/?s={search_term_string}"},"query-input":{"@type":"PropertyValueSpecification","valueRequired":true,"valueName":"search_term_string"}}],"inLanguage":"es"}]}},"_links":{"self":[{"href":"https:\/\/old.grupoacre.pe\/es\/wp-json\/wp\/v2\/pages\/398","targetHints":{"allow":["GET"]}}],"collection":[{"href":"https:\/\/old.grupoacre.pe\/es\/wp-json\/wp\/v2\/pages"}],"about":[{"href":"https:\/\/old.grupoacre.pe\/es\/wp-json\/wp\/v2\/types\/page"}],"author":[{"embeddable":true,"href":"https:\/\/old.grupoacre.pe\/es\/wp-json\/wp\/v2\/users\/1"}],"replies":[{"embeddable":true,"href":"https:\/\/old.grupoacre.pe\/es\/wp-json\/wp\/v2\/comments?post=398"}],"version-history":[{"count":5,"href":"https:\/\/old.grupoacre.pe\/es\/wp-json\/wp\/v2\/pages\/398\/revisions"}],"predecessor-version":[{"id":223023,"href":"https:\/\/old.grupoacre.pe\/es\/wp-json\/wp\/v2\/pages\/398\/revisions\/223023"}],"wp:featuredmedia":[{"embeddable":true,"href":"https:\/\/old.grupoacre.pe\/es\/wp-json\/wp\/v2\/media\/79044"}],"wp:attachment":[{"href":"https:\/\/old.grupoacre.pe\/es\/wp-json\/wp\/v2\/media?parent=398"}],"curies":[{"name":"wp","href":"https:\/\/api.w.org\/{rel}","templated":true}]}}