{"id":429,"date":"2017-02-22T12:18:43","date_gmt":"2017-02-22T12:18:43","guid":{"rendered":"http:\/\/es.acre.fullcircle.es\/?page_id=429"},"modified":"2018-03-13T04:39:56","modified_gmt":"2018-03-13T09:39:56","slug":"soporte","status":"publish","type":"page","link":"https:\/\/old.grupoacre.pe\/es\/soporte\/","title":{"rendered":"Soporte"},"content":{"rendered":"<p>ACRE Surveying Solutions ofrece un soporte de calidad a los profesionales. Ponemos a disposici\u00f3n de cualquier <strong>usuario de equipos Leica Geosystems<\/strong> nuestro\u00a0<strong>servicio de Soporte T\u00e9cnico<\/strong> On line, para que nada obstaculice el rendimiento en el trabajo. Ante cualquier incidencia de uso sobre equipos Leica, ya sea en campo o en gabinete, los clientes pueden contactar con nosotros a trav\u00e9s del correo electr\u00f3nico, tel\u00e9fono o Skype.<\/p>\n<p><em>Trataremos de dar soluci\u00f3n a cualquiera que sea el problema y de forma telem\u00e1tica orientaremos al usuario para la resoluci\u00f3n de la incidencia en el menor tiempo posible.<\/em><\/p>","protected":false},"excerpt":{"rendered":"ACRE Surveying Solutions ofrece un soporte de calidad a los profesionales. Ponemos a disposici\u00f3n de cualquier usuario de equipos Leica Geosystems nuestro\u00a0servicio de Soporte T\u00e9cnico On line, para que nada obstaculice el rendimiento en el trabajo. Ante cualquier incidencia de uso sobre equipos Leica, ya sea en campo o en gabinete, los clientes pueden contactar&#8230;","protected":false},"author":3,"featured_media":0,"parent":0,"menu_order":6,"comment_status":"closed","ping_status":"closed","template":"template-sat.php","meta":{"_acf_changed":false,"footnotes":""},"class_list":["post-429","page","type-page","status-publish","hentry"],"acf":[],"yoast_head":"<!-- This site is optimized with the Yoast SEO plugin v25.2 - https:\/\/yoast.com\/wordpress\/plugins\/seo\/ -->\n<title>Soporte | Grupo Acre<\/title>\n<meta name=\"description\" content=\"Un soporte t\u00e9cnico continuo para profesionales que marca la diferencia. Mantenimientos CCP o ayuda puntual para tener tus equipos siempre actualizados.\" \/>\n<meta name=\"robots\" content=\"noindex, follow, max-snippet:-1, max-image-preview:large, max-video-preview:-1\" \/>\n<meta property=\"og:locale\" content=\"es_ES\" \/>\n<meta property=\"og:type\" content=\"article\" \/>\n<meta property=\"og:title\" content=\"Soporte | Grupo Acre\" \/>\n<meta property=\"og:description\" content=\"Un soporte t\u00e9cnico continuo para profesionales que marca la diferencia. Mantenimientos CCP o ayuda puntual para tener tus equipos siempre actualizados.\" \/>\n<meta property=\"og:url\" content=\"https:\/\/old.grupoacre.pe\/es\/soporte\/\" \/>\n<meta property=\"og:site_name\" content=\"Grupo Acre Per\u00fa\" \/>\n<meta property=\"article:publisher\" content=\"https:\/\/www.facebook.com\/Acre.Surveying.Solutions\" \/>\n<meta property=\"article:modified_time\" content=\"2018-03-13T09:39:56+00:00\" \/>\n<meta name=\"twitter:card\" content=\"summary_large_image\" \/>\n<meta name=\"twitter:site\" content=\"@AcreSurveying\" \/>\n<meta name=\"twitter:label1\" content=\"Tiempo de lectura\" \/>\n\t<meta name=\"twitter:data1\" content=\"3 minutos\" \/>\n<!-- \/ Yoast SEO plugin. -->","yoast_head_json":{"title":"Soporte | Grupo Acre","description":"Un soporte t\u00e9cnico continuo para profesionales que marca la diferencia. Mantenimientos CCP o ayuda puntual para tener tus equipos siempre actualizados.","robots":{"index":"noindex","follow":"follow","max-snippet":"max-snippet:-1","max-image-preview":"max-image-preview:large","max-video-preview":"max-video-preview:-1"},"og_locale":"es_ES","og_type":"article","og_title":"Soporte | Grupo Acre","og_description":"Un soporte t\u00e9cnico continuo para profesionales que marca la diferencia. Mantenimientos CCP o ayuda puntual para tener tus equipos siempre actualizados.","og_url":"https:\/\/old.grupoacre.pe\/es\/soporte\/","og_site_name":"Grupo Acre Per\u00fa","article_publisher":"https:\/\/www.facebook.com\/Acre.Surveying.Solutions","article_modified_time":"2018-03-13T09:39:56+00:00","twitter_card":"summary_large_image","twitter_site":"@AcreSurveying","twitter_misc":{"Tiempo de lectura":"3 minutos"},"schema":{"@context":"https:\/\/schema.org","@graph":[{"@type":"WebPage","@id":"https:\/\/old.grupoacre.pe\/es\/soporte\/","url":"https:\/\/old.grupoacre.pe\/es\/soporte\/","name":"Soporte | Grupo Acre","isPartOf":{"@id":"https:\/\/old.grupoacre.pe\/es\/#website"},"datePublished":"2017-02-22T12:18:43+00:00","dateModified":"2018-03-13T09:39:56+00:00","description":"Un soporte t\u00e9cnico continuo para profesionales que marca la diferencia. Mantenimientos CCP o ayuda puntual para tener tus equipos siempre actualizados.","breadcrumb":{"@id":"https:\/\/old.grupoacre.pe\/es\/soporte\/#breadcrumb"},"inLanguage":"es","potentialAction":[{"@type":"ReadAction","target":[["https:\/\/old.grupoacre.pe\/es\/soporte\/"]]}]},{"@type":"BreadcrumbList","@id":"https:\/\/old.grupoacre.pe\/es\/soporte\/#breadcrumb","itemListElement":[{"@type":"ListItem","position":1,"name":"Portada","item":"https:\/\/old.grupoacre.pe\/es\/"},{"@type":"ListItem","position":2,"name":"Soporte"}]},{"@type":"WebSite","@id":"https:\/\/old.grupoacre.pe\/es\/#website","url":"https:\/\/old.grupoacre.pe\/es\/","name":"Grupo Acre Per\u00fa","description":"Soluciones topogr\u00e1ficas","potentialAction":[{"@type":"SearchAction","target":{"@type":"EntryPoint","urlTemplate":"https:\/\/old.grupoacre.pe\/es\/?s={search_term_string}"},"query-input":{"@type":"PropertyValueSpecification","valueRequired":true,"valueName":"search_term_string"}}],"inLanguage":"es"}]}},"_links":{"self":[{"href":"https:\/\/old.grupoacre.pe\/es\/wp-json\/wp\/v2\/pages\/429","targetHints":{"allow":["GET"]}}],"collection":[{"href":"https:\/\/old.grupoacre.pe\/es\/wp-json\/wp\/v2\/pages"}],"about":[{"href":"https:\/\/old.grupoacre.pe\/es\/wp-json\/wp\/v2\/types\/page"}],"author":[{"embeddable":true,"href":"https:\/\/old.grupoacre.pe\/es\/wp-json\/wp\/v2\/users\/3"}],"replies":[{"embeddable":true,"href":"https:\/\/old.grupoacre.pe\/es\/wp-json\/wp\/v2\/comments?post=429"}],"version-history":[{"count":5,"href":"https:\/\/old.grupoacre.pe\/es\/wp-json\/wp\/v2\/pages\/429\/revisions"}],"predecessor-version":[{"id":260896,"href":"https:\/\/old.grupoacre.pe\/es\/wp-json\/wp\/v2\/pages\/429\/revisions\/260896"}],"wp:attachment":[{"href":"https:\/\/old.grupoacre.pe\/es\/wp-json\/wp\/v2\/media?parent=429"}],"curies":[{"name":"wp","href":"https:\/\/api.w.org\/{rel}","templated":true}]}}