{"id":432,"date":"2017-02-22T13:02:11","date_gmt":"2017-02-22T13:02:11","guid":{"rendered":"http:\/\/es.acre.fullcircle.es\/?page_id=432"},"modified":"2019-09-19T02:46:17","modified_gmt":"2019-09-19T07:46:17","slug":"acre-peru","status":"publish","type":"page","link":"https:\/\/old.grupoacre.pe\/es\/acre-peru\/","title":{"rendered":"ACRE Per\u00fa"},"content":{"rendered":"<p>La empresa fue fundada por un grupo de ingenieros y t\u00e9cnicos con amplia experiencia profesional y empresarial en el a\u00f1o 2001 con delegaci\u00f3n central en Espa\u00f1a.\u00a0 Ante el crecimiento exponencial del mercado de la topograf\u00eda en el Per\u00fa, Grupo\u00a0<strong>ACRE <\/strong>decide instalar una delegaci\u00f3n en<strong>\u00a0Lima, c<\/strong>on el objeto de ofrecer la m\u00e1xima calidad y servicio a todo <strong>Per\u00fa.\u00a0<\/strong><\/p>\n<p>La tecnificaci\u00f3n obliga a las empresas y los profesionales t\u00e9cnicos a la especializaci\u00f3n y el manejo de instrumental de alt\u00edsimas capacidades. Adem\u00e1s de una oferta competitiva, Grupo Acre ofrece a sus clientes: top\u00f3grafos, arquitectos, ingenieros y profesionales de la construcci\u00f3n;\u00a0<strong>asesor\u00eda t\u00e9cnica y comercial<\/strong> para elegir el instrumento m\u00e1s adecuado a sus necesidades, <strong>servicio t\u00e9cnico oficial, asistencia y capacitaci\u00f3n sobre los equipos<\/strong>\u00a0para sacar el m\u00e1ximo rendimiento a estas potentes herramientas.<\/p>","protected":false},"excerpt":{"rendered":"La empresa fue fundada por un grupo de ingenieros y t\u00e9cnicos con amplia experiencia profesional y empresarial en el a\u00f1o 2001 con delegaci\u00f3n central en Espa\u00f1a.\u00a0 Ante el crecimiento exponencial del mercado de la topograf\u00eda en el Per\u00fa, Grupo\u00a0ACRE decide instalar una delegaci\u00f3n en\u00a0Lima, con el objeto de ofrecer la m\u00e1xima calidad y servicio a&#8230;","protected":false},"author":1,"featured_media":1043,"parent":0,"menu_order":8,"comment_status":"closed","ping_status":"closed","template":"","meta":{"_acf_changed":false,"footnotes":""},"class_list":["post-432","page","type-page","status-publish","has-post-thumbnail","hentry"],"acf":[],"yoast_head":"<!-- This site is optimized with the Yoast SEO plugin v25.2 - https:\/\/yoast.com\/wordpress\/plugins\/seo\/ -->\n<title>ACRE Per\u00fa | Instrumentos de topograf\u00eda, medici\u00f3n y construcci\u00f3n<\/title>\n<meta name=\"description\" content=\"ACRE Topograf\u00eda Per\u00fa l\u00edder en la venta de instrumentos topogr\u00e1ficos Leica Geosystems, drones DJI para fotogrametr\u00eda y software especializado Pix4D. C\u00e1maras termogr\u00e1ficas y herramientas para la construcci\u00f3n, la ingenier\u00eda civil y la obra. Servicio T\u00e9cnico y Soporte\" \/>\n<meta name=\"robots\" content=\"noindex, follow, max-snippet:-1, max-image-preview:large, max-video-preview:-1\" \/>\n<meta property=\"og:locale\" content=\"es_ES\" \/>\n<meta property=\"og:type\" content=\"article\" \/>\n<meta property=\"og:title\" content=\"ACRE Per\u00fa | Instrumentos de topograf\u00eda, medici\u00f3n y construcci\u00f3n\" \/>\n<meta property=\"og:description\" content=\"ACRE Topograf\u00eda Per\u00fa l\u00edder en la venta de instrumentos topogr\u00e1ficos Leica Geosystems, drones DJI para fotogrametr\u00eda y software especializado Pix4D. C\u00e1maras termogr\u00e1ficas y herramientas para la construcci\u00f3n, la ingenier\u00eda civil y la obra. Servicio T\u00e9cnico y Soporte\" \/>\n<meta property=\"og:url\" content=\"https:\/\/old.grupoacre.pe\/es\/acre-peru\/\" \/>\n<meta property=\"og:site_name\" content=\"Grupo Acre Per\u00fa\" \/>\n<meta property=\"article:publisher\" content=\"https:\/\/www.facebook.com\/Acre.Surveying.Solutions\" \/>\n<meta property=\"article:modified_time\" content=\"2019-09-19T07:46:17+00:00\" \/>\n<meta property=\"og:image\" content=\"https:\/\/old.grupoacre.pe\/wp-content\/uploads\/sites\/4\/2017\/02\/estacion-total-acre.jpg\" \/>\n\t<meta property=\"og:image:width\" content=\"1766\" \/>\n\t<meta property=\"og:image:height\" content=\"750\" \/>\n\t<meta property=\"og:image:type\" content=\"image\/jpeg\" \/>\n<meta name=\"twitter:card\" content=\"summary_large_image\" \/>\n<meta name=\"twitter:site\" content=\"@AcreSurveying\" \/>\n<meta name=\"twitter:label1\" content=\"Tiempo de lectura\" \/>\n\t<meta name=\"twitter:data1\" content=\"2 minutos\" \/>\n<!-- \/ Yoast SEO plugin. -->","yoast_head_json":{"title":"ACRE Per\u00fa | Instrumentos de topograf\u00eda, medici\u00f3n y construcci\u00f3n","description":"ACRE Topograf\u00eda Per\u00fa l\u00edder en la venta de instrumentos topogr\u00e1ficos Leica Geosystems, drones DJI para fotogrametr\u00eda y software especializado Pix4D. C\u00e1maras termogr\u00e1ficas y herramientas para la construcci\u00f3n, la ingenier\u00eda civil y la obra. Servicio T\u00e9cnico y Soporte","robots":{"index":"noindex","follow":"follow","max-snippet":"max-snippet:-1","max-image-preview":"max-image-preview:large","max-video-preview":"max-video-preview:-1"},"og_locale":"es_ES","og_type":"article","og_title":"ACRE Per\u00fa | Instrumentos de topograf\u00eda, medici\u00f3n y construcci\u00f3n","og_description":"ACRE Topograf\u00eda Per\u00fa l\u00edder en la venta de instrumentos topogr\u00e1ficos Leica Geosystems, drones DJI para fotogrametr\u00eda y software especializado Pix4D. C\u00e1maras termogr\u00e1ficas y herramientas para la construcci\u00f3n, la ingenier\u00eda civil y la obra. Servicio T\u00e9cnico y Soporte","og_url":"https:\/\/old.grupoacre.pe\/es\/acre-peru\/","og_site_name":"Grupo Acre Per\u00fa","article_publisher":"https:\/\/www.facebook.com\/Acre.Surveying.Solutions","article_modified_time":"2019-09-19T07:46:17+00:00","og_image":[{"width":1766,"height":750,"url":"https:\/\/old.grupoacre.pe\/wp-content\/uploads\/sites\/4\/2017\/02\/estacion-total-acre.jpg","type":"image\/jpeg"}],"twitter_card":"summary_large_image","twitter_site":"@AcreSurveying","twitter_misc":{"Tiempo de lectura":"2 minutos"},"schema":{"@context":"https:\/\/schema.org","@graph":[{"@type":"WebPage","@id":"https:\/\/old.grupoacre.pe\/es\/acre-peru\/","url":"https:\/\/old.grupoacre.pe\/es\/acre-peru\/","name":"ACRE Per\u00fa | Instrumentos de topograf\u00eda, medici\u00f3n y construcci\u00f3n","isPartOf":{"@id":"https:\/\/old.grupoacre.pe\/es\/#website"},"primaryImageOfPage":{"@id":"https:\/\/old.grupoacre.pe\/es\/acre-peru\/#primaryimage"},"image":{"@id":"https:\/\/old.grupoacre.pe\/es\/acre-peru\/#primaryimage"},"thumbnailUrl":"https:\/\/old.grupoacre.pe\/wp-content\/uploads\/sites\/4\/2017\/02\/estacion-total-acre.jpg","datePublished":"2017-02-22T13:02:11+00:00","dateModified":"2019-09-19T07:46:17+00:00","description":"ACRE Topograf\u00eda Per\u00fa l\u00edder en la venta de instrumentos topogr\u00e1ficos Leica Geosystems, drones DJI para fotogrametr\u00eda y software especializado Pix4D. C\u00e1maras termogr\u00e1ficas y herramientas para la construcci\u00f3n, la ingenier\u00eda civil y la obra. Servicio T\u00e9cnico y Soporte","breadcrumb":{"@id":"https:\/\/old.grupoacre.pe\/es\/acre-peru\/#breadcrumb"},"inLanguage":"es","potentialAction":[{"@type":"ReadAction","target":[["https:\/\/old.grupoacre.pe\/es\/acre-peru\/"]]}]},{"@type":"ImageObject","inLanguage":"es","@id":"https:\/\/old.grupoacre.pe\/es\/acre-peru\/#primaryimage","url":"https:\/\/old.grupoacre.pe\/wp-content\/uploads\/sites\/4\/2017\/02\/estacion-total-acre.jpg","contentUrl":"https:\/\/old.grupoacre.pe\/wp-content\/uploads\/sites\/4\/2017\/02\/estacion-total-acre.jpg","width":1766,"height":750,"caption":"Estaci\u00f3n Total - Acre"},{"@type":"BreadcrumbList","@id":"https:\/\/old.grupoacre.pe\/es\/acre-peru\/#breadcrumb","itemListElement":[{"@type":"ListItem","position":1,"name":"Portada","item":"https:\/\/old.grupoacre.pe\/es\/"},{"@type":"ListItem","position":2,"name":"ACRE Per\u00fa"}]},{"@type":"WebSite","@id":"https:\/\/old.grupoacre.pe\/es\/#website","url":"https:\/\/old.grupoacre.pe\/es\/","name":"Grupo Acre Per\u00fa","description":"Soluciones topogr\u00e1ficas","potentialAction":[{"@type":"SearchAction","target":{"@type":"EntryPoint","urlTemplate":"https:\/\/old.grupoacre.pe\/es\/?s={search_term_string}"},"query-input":{"@type":"PropertyValueSpecification","valueRequired":true,"valueName":"search_term_string"}}],"inLanguage":"es"}]}},"_links":{"self":[{"href":"https:\/\/old.grupoacre.pe\/es\/wp-json\/wp\/v2\/pages\/432","targetHints":{"allow":["GET"]}}],"collection":[{"href":"https:\/\/old.grupoacre.pe\/es\/wp-json\/wp\/v2\/pages"}],"about":[{"href":"https:\/\/old.grupoacre.pe\/es\/wp-json\/wp\/v2\/types\/page"}],"author":[{"embeddable":true,"href":"https:\/\/old.grupoacre.pe\/es\/wp-json\/wp\/v2\/users\/1"}],"replies":[{"embeddable":true,"href":"https:\/\/old.grupoacre.pe\/es\/wp-json\/wp\/v2\/comments?post=432"}],"version-history":[{"count":5,"href":"https:\/\/old.grupoacre.pe\/es\/wp-json\/wp\/v2\/pages\/432\/revisions"}],"predecessor-version":[{"id":305856,"href":"https:\/\/old.grupoacre.pe\/es\/wp-json\/wp\/v2\/pages\/432\/revisions\/305856"}],"wp:featuredmedia":[{"embeddable":true,"href":"https:\/\/old.grupoacre.pe\/es\/wp-json\/wp\/v2\/media\/1043"}],"wp:attachment":[{"href":"https:\/\/old.grupoacre.pe\/es\/wp-json\/wp\/v2\/media?parent=432"}],"curies":[{"name":"wp","href":"https:\/\/api.w.org\/{rel}","templated":true}]}}