{"id":940,"date":"2017-03-27T11:53:39","date_gmt":"2017-03-27T11:53:39","guid":{"rendered":"http:\/\/es.acre.fullcircle.es\/?page_id=940"},"modified":"2020-10-09T04:01:38","modified_gmt":"2020-10-09T09:01:38","slug":"politica-privacidad","status":"publish","type":"page","link":"https:\/\/old.grupoacre.pe\/es\/politica-privacidad\/","title":{"rendered":"Pol\u00edtica de privacidad"},"content":{"rendered":"<p>Grupo ACRE informa seguidamente de su pol\u00edtica de privacidad aplicada a los datos personales. De esta manera, todos los datos personales que tenga bajo su responsabilidad ser\u00e1n tratados de acuerdo con la <strong>Ley n\u00ba 29733<\/strong>, 3 de julio de 2011, de <strong>Protecci\u00f3n de Datos de Personales del Congreso de la Rep\u00fablica del Per\u00fa<\/strong> y se guardar\u00e1n las debidas medidas de seguridad y confidencialidad de los mismos.<\/p>\n<p>La visita del sitio web https:\/\/www.grupoacre.pe no implica que el usuario deba suministrar ninguna informaci\u00f3n alguna respecto a su identidad, siendo totalmente an\u00f3nima y, en ning\u00fan caso, puede ser asociada a un usuario concreto e identificado. En el supuesto que se suministre datos de car\u00e1cter de personal, estos datos ser\u00e1n recogidos y utilizados conforme a las limitaciones y los derechos recogidos en la citada norma de protecci\u00f3n de datos.<\/p>\n<p>Los usuarios que faciliten datos de car\u00e1cter personal consienten de forma clara, exacta e inequ\u00edvoca las presentes condiciones.<\/p>\n<ol>\n<li>Recogida de datos: La recogida de datos de car\u00e1cter personal se realizar\u00e1 \u00fanica y exclusivamente a trav\u00e9s de los formularios publicados en la web y de los correos electr\u00f3nicos que los usuarios puedan remitir a Grupo ACRE que ser\u00e1n incluidos en un fichero automatizado.<br \/>\nLos ficheros titularidad de Grupo ACRE figuran inscritos en el Registro General de la Agencia Espa\u00f1ola de Protecci\u00f3n de Datos, al que podr\u00e1 acceder el usuario o visitante para comprobar la situaci\u00f3n de aquellos.<br \/>\nGrupo ACRE conservar\u00e1 sus datos una vez finalizada la relaci\u00f3n con el usuario para cumplir las obligaciones legales necesarias. A su vez, proceder\u00e1 a la cancelaci\u00f3n de los datos recogidos cuando dejen de ser necesarios para la finalidad para la que fueron recabados.<\/li>\n<li>Seguridad de la informaci\u00f3n: Grupo ACRE ha desarrollado todos los sistemas y medidas t\u00e9cnicas y organizativas a su alcance, previstas en la normativa de protecci\u00f3n de datos de car\u00e1cter personal para evitar la p\u00e9rdida, mal uso, alteraci\u00f3n, acceso no autorizado y sustracci\u00f3n de los datos de car\u00e1cter personal facilitados por el usuario o visitante. No obstante, el usuario o visitante debe ser consciente de que las medidas de seguridad en Internet no son inexpugnables.<\/li>\n<li>Confidencialidad y Secreto profesional: Las comunicaciones privadas que pudieran darse entre el personal de Grupo ACRE y los usuarios o visitantes ser\u00e1n consideradas como confidenciales. El acceso a esta informaci\u00f3n est\u00e1 restringido mediante herramientas tecnol\u00f3gicas y mediante estrictos controles internos.<\/li>\n<li>Enlaces con otros sitios web: El presente sitio web puede contener enlaces o links con otros sitios. Se informa que Grupo ACRE no dispone de control alguno ni ostenta responsabilidad alguna sobre las pol\u00edticas o medidas de protecci\u00f3n de datos de otros sitios web.<\/li>\n<li>Derechos de los usuarios: El usuario podr\u00e1 ejercitar, respecto a los datos recabados en la forma prevista, los derechos reconocidos por la Ley n\u00ba29733, 3 de julio de 2011, de Protecci\u00f3n de Datos de Personales de Per\u00fa y en particular los derechos de acceso, rectificaci\u00f3n o cancelaci\u00f3n de datos y oposici\u00f3n, si resultase pertinente, as\u00ed como el de revocaci\u00f3n del consentimiento para la cesi\u00f3n de sus datos.<br \/>\nLos derechos de cancelaci\u00f3n, oposici\u00f3n y revocaci\u00f3n del consentimiento para la cesi\u00f3n podr\u00e1n ser ejercitados por el usuario, y en su caso quien lo represente, mediante petici\u00f3n escrita dirigida a la siguiente direcci\u00f3n de correo electr\u00f3nico: grupoacre@grupoacre.com. Tambi\u00e9n podr\u00e1 hacerlo mediante solicitud remitida por correo ordinario, firmada y acompa\u00f1ada de fotocopia del D.N.I., a la direcci\u00f3n de la sede de Grupo ACRE, Grupo ACRE Per\u00fa, sita en Calle Bolivar, 472, Oficina 101 C\u00f3digo Postal 15074 &#8211; Lima. Miraflores.<br \/>\nGrupo ACRE informa que los datos personales recabados, cuando hayan dejado de ser necesarios o pertinentes para la finalidad para la cual fueron recogidos, ser\u00e1n cancelados conforme establece la normativa de protecci\u00f3n de datos de car\u00e1cter personal.<\/li>\n<\/ol>\n<h2>CL\u00c1USULA PARA FORMULARIOS<\/h2>\n<p>En el caso de que Grupo ACRE disponga de formularios, la identificaci\u00f3n del usuario es plena, ya que es el propio usuario el que, voluntariamente, introduce sus datos en nuestros formularios.<\/p>\n<p>La informaci\u00f3n facilitada por el usuario ser\u00e1 utilizada por Grupo ACRE exclusivamente para las finalidades que se informen en cada caso. Cada uno de nuestros formularios incluye una cl\u00e1usula espec\u00edfica de privacidad mediante la cual el usuario dar\u00e1 voluntariamente su consentimiento al tratamiento automatizado de los datos facilitados. Grupo ACRE ser\u00e1 la entidad responsable del fichero generado con los datos de car\u00e1cter personal suministrados por los usuarios de su sitio web en los formularios.<\/p>\n<p>De acuerdo con la Ley <strong>n\u00ba29733<\/strong>, 3 de julio de 2011, de <strong>Protecci\u00f3n de Datos de Personales<\/strong> de Per\u00fa, Grupo ACRE se compromete al cumplimiento de su obligaci\u00f3n de secreto con respecto a los datos de car\u00e1cter personal y al deber de tratarlos con confidencialidad. A estos efectos, adoptar\u00e1 las medidas necesarias para evitar su alteraci\u00f3n, p\u00e9rdida, tratamiento o acceso no autorizado.<\/p>\n<p>Los datos personales recabados no ser\u00e1n cedidos a terceros sin su consentimiento expreso.<\/p>\n<p>Dichos datos podr\u00e1n ser utilizados con la finalidad de atender sus consultas y enviarle informaci\u00f3n relacionada con la entidad que pudiera ser de su inter\u00e9s.<\/p>\n<p>El usuario que figure en nuestras bases de datos podr\u00e1 ejercitar en todo momento sus derechos de acceso, rectificaci\u00f3n, cancelaci\u00f3n y oposici\u00f3n, mediante solicitud remitida por correo ordinario, firmada y acompa\u00f1ada de fotocopia del D.N.I. , a la direcci\u00f3n de la sede de Grupo ACRE Per\u00fa, sita en Calle Bolivar, 472, Oficina 101 C\u00f3digo Postal 15074 &#8211; Lima. Miraflores<\/p>\n<p>&nbsp;<\/p>\n<p>Si desea aclarar alg\u00fan aspecto relacionado con la pol\u00edtica de Grupo ACRE, en relaci\u00f3n a los usuarios que visitan nuestra web, no dude en ponerse en contacto con nosotros a trav\u00e9s de la siguiente direcci\u00f3n de correo electr\u00f3nico: infoperu@grupoacre.com.<\/p>\n<p>&nbsp;<\/p>\n<p>&nbsp;<\/p>","protected":false},"excerpt":{"rendered":"Grupo ACRE informa seguidamente de su pol\u00edtica de privacidad aplicada a los datos personales. De esta manera, todos los datos personales que tenga bajo su responsabilidad ser\u00e1n tratados de acuerdo con la Ley n\u00ba 29733, 3 de julio de 2011, de Protecci\u00f3n de Datos de Personales del Congreso de la Rep\u00fablica del Per\u00fa y se&#8230;","protected":false},"author":1,"featured_media":0,"parent":0,"menu_order":0,"comment_status":"closed","ping_status":"closed","template":"","meta":{"_acf_changed":false,"footnotes":""},"class_list":["post-940","page","type-page","status-publish","hentry"],"acf":[],"yoast_head":"<!-- This site is optimized with the Yoast SEO plugin v25.2 - https:\/\/yoast.com\/wordpress\/plugins\/seo\/ -->\n<title>Pol\u00edtica de privacidad | Grupo Acre Per\u00fa<\/title>\n<meta name=\"description\" content=\"Grupo ACRE informa seguidamente de su pol\u00edtica de privacidad aplicada a los datos personales. De esta manera, todos los datos personales que tenga bajo su\" \/>\n<meta name=\"robots\" content=\"noindex, nofollow\" \/>\n<meta property=\"og:locale\" content=\"es_ES\" \/>\n<meta property=\"og:type\" content=\"article\" \/>\n<meta property=\"og:title\" content=\"Pol\u00edtica de privacidad | Grupo Acre Per\u00fa\" \/>\n<meta property=\"og:description\" content=\"Grupo ACRE informa seguidamente de su pol\u00edtica de privacidad aplicada a los datos personales. De esta manera, todos los datos personales que tenga bajo su\" \/>\n<meta property=\"og:url\" content=\"https:\/\/old.grupoacre.pe\/es\/politica-privacidad\/\" \/>\n<meta property=\"og:site_name\" content=\"Grupo Acre Per\u00fa\" \/>\n<meta property=\"article:publisher\" content=\"https:\/\/www.facebook.com\/Acre.Surveying.Solutions\" \/>\n<meta property=\"article:modified_time\" content=\"2020-10-09T09:01:38+00:00\" \/>\n<meta name=\"twitter:card\" content=\"summary_large_image\" \/>\n<meta name=\"twitter:site\" content=\"@AcreSurveying\" \/>\n<meta name=\"twitter:label1\" content=\"Tiempo de lectura\" \/>\n\t<meta name=\"twitter:data1\" content=\"20 minutos\" \/>\n<!-- \/ Yoast SEO plugin. -->","yoast_head_json":{"title":"Pol\u00edtica de privacidad | Grupo Acre Per\u00fa","description":"Grupo ACRE informa seguidamente de su pol\u00edtica de privacidad aplicada a los datos personales. De esta manera, todos los datos personales que tenga bajo su","robots":{"index":"noindex","follow":"nofollow"},"og_locale":"es_ES","og_type":"article","og_title":"Pol\u00edtica de privacidad | Grupo Acre Per\u00fa","og_description":"Grupo ACRE informa seguidamente de su pol\u00edtica de privacidad aplicada a los datos personales. De esta manera, todos los datos personales que tenga bajo su","og_url":"https:\/\/old.grupoacre.pe\/es\/politica-privacidad\/","og_site_name":"Grupo Acre Per\u00fa","article_publisher":"https:\/\/www.facebook.com\/Acre.Surveying.Solutions","article_modified_time":"2020-10-09T09:01:38+00:00","twitter_card":"summary_large_image","twitter_site":"@AcreSurveying","twitter_misc":{"Tiempo de lectura":"20 minutos"},"schema":{"@context":"https:\/\/schema.org","@graph":[{"@type":"WebPage","@id":"https:\/\/old.grupoacre.pe\/es\/politica-privacidad\/","url":"https:\/\/old.grupoacre.pe\/es\/politica-privacidad\/","name":"Pol\u00edtica de privacidad | Grupo Acre Per\u00fa","isPartOf":{"@id":"https:\/\/old.grupoacre.pe\/es\/#website"},"datePublished":"2017-03-27T11:53:39+00:00","dateModified":"2020-10-09T09:01:38+00:00","description":"Grupo ACRE informa seguidamente de su pol\u00edtica de privacidad aplicada a los datos personales. De esta manera, todos los datos personales que tenga bajo su","breadcrumb":{"@id":"https:\/\/old.grupoacre.pe\/es\/politica-privacidad\/#breadcrumb"},"inLanguage":"es","potentialAction":[{"@type":"ReadAction","target":[["https:\/\/old.grupoacre.pe\/es\/politica-privacidad\/"]]}]},{"@type":"BreadcrumbList","@id":"https:\/\/old.grupoacre.pe\/es\/politica-privacidad\/#breadcrumb","itemListElement":[{"@type":"ListItem","position":1,"name":"Portada","item":"https:\/\/old.grupoacre.pe\/es\/"},{"@type":"ListItem","position":2,"name":"Pol\u00edtica de privacidad"}]},{"@type":"WebSite","@id":"https:\/\/old.grupoacre.pe\/es\/#website","url":"https:\/\/old.grupoacre.pe\/es\/","name":"Grupo Acre Per\u00fa","description":"Soluciones topogr\u00e1ficas","potentialAction":[{"@type":"SearchAction","target":{"@type":"EntryPoint","urlTemplate":"https:\/\/old.grupoacre.pe\/es\/?s={search_term_string}"},"query-input":{"@type":"PropertyValueSpecification","valueRequired":true,"valueName":"search_term_string"}}],"inLanguage":"es"}]}},"_links":{"self":[{"href":"https:\/\/old.grupoacre.pe\/es\/wp-json\/wp\/v2\/pages\/940","targetHints":{"allow":["GET"]}}],"collection":[{"href":"https:\/\/old.grupoacre.pe\/es\/wp-json\/wp\/v2\/pages"}],"about":[{"href":"https:\/\/old.grupoacre.pe\/es\/wp-json\/wp\/v2\/types\/page"}],"author":[{"embeddable":true,"href":"https:\/\/old.grupoacre.pe\/es\/wp-json\/wp\/v2\/users\/1"}],"replies":[{"embeddable":true,"href":"https:\/\/old.grupoacre.pe\/es\/wp-json\/wp\/v2\/comments?post=940"}],"version-history":[{"count":5,"href":"https:\/\/old.grupoacre.pe\/es\/wp-json\/wp\/v2\/pages\/940\/revisions"}],"predecessor-version":[{"id":313726,"href":"https:\/\/old.grupoacre.pe\/es\/wp-json\/wp\/v2\/pages\/940\/revisions\/313726"}],"wp:attachment":[{"href":"https:\/\/old.grupoacre.pe\/es\/wp-json\/wp\/v2\/media?parent=940"}],"curies":[{"name":"wp","href":"https:\/\/api.w.org\/{rel}","templated":true}]}}