{"id":955,"date":"2017-03-27T15:48:20","date_gmt":"2017-03-27T15:48:20","guid":{"rendered":"http:\/\/es.acre.fullcircle.es\/?page_id=955"},"modified":"2017-06-30T10:00:02","modified_gmt":"2017-06-30T10:00:02","slug":"marcas-topograficas","status":"publish","type":"page","link":"https:\/\/old.grupoacre.pe\/es\/marcas-topograficas\/","title":{"rendered":"Marcas representadas"},"content":{"rendered":"<p>Como l\u00edderes en el mercado de la topograf\u00eda, en ACRE Espa\u00f1a tenemos el objetivo de satisfacer las exigencias de nuestros clientes, mediante nuestra <strong>extensa gama de productos de las mejores marcas y servicios a\u00f1adidos para que nada pare tu trabajo.\u00a0<\/strong><\/p>\n<p>El ser <strong>distribuidores oficiales de las mejores marcas topogr\u00e1ficas del mercado<\/strong> nos permite estar presentes como proveedores en una gran cantidad de empresas de sectores muy variados.<\/p>","protected":false},"excerpt":{"rendered":"Como l\u00edderes en el mercado de la topograf\u00eda, en ACRE Espa\u00f1a tenemos el objetivo de satisfacer las exigencias de nuestros clientes, mediante nuestra extensa gama de productos de las mejores marcas y servicios a\u00f1adidos para que nada pare tu trabajo.\u00a0 El ser distribuidores oficiales de las mejores marcas topogr\u00e1ficas del mercado nos permite estar presentes&#8230;","protected":false},"author":3,"featured_media":0,"parent":0,"menu_order":0,"comment_status":"closed","ping_status":"closed","template":"","meta":{"_acf_changed":false,"footnotes":""},"class_list":["post-955","page","type-page","status-publish","hentry"],"acf":[],"yoast_head":"<!-- This site is optimized with the Yoast SEO plugin v25.2 - https:\/\/yoast.com\/wordpress\/plugins\/seo\/ -->\n<title>Marcas representadas | Grupo Acre Per\u00fa<\/title>\n<meta name=\"description\" content=\"Como l\u00edderes en el mercado de la topograf\u00eda, en ACRE Espa\u00f1a tenemos el objetivo de satisfacer las exigencias de nuestros clientes, mediante nuestra\" \/>\n<meta name=\"robots\" content=\"noindex, follow, max-snippet:-1, max-image-preview:large, max-video-preview:-1\" \/>\n<meta property=\"og:locale\" content=\"es_ES\" \/>\n<meta property=\"og:type\" content=\"article\" \/>\n<meta property=\"og:title\" content=\"Marcas representadas | Grupo Acre Per\u00fa\" \/>\n<meta property=\"og:description\" content=\"Como l\u00edderes en el mercado de la topograf\u00eda, en ACRE Espa\u00f1a tenemos el objetivo de satisfacer las exigencias de nuestros clientes, mediante nuestra\" \/>\n<meta property=\"og:url\" content=\"https:\/\/old.grupoacre.pe\/es\/marcas-topograficas\/\" \/>\n<meta property=\"og:site_name\" content=\"Grupo Acre Per\u00fa\" \/>\n<meta property=\"article:publisher\" content=\"https:\/\/www.facebook.com\/Acre.Surveying.Solutions\" \/>\n<meta property=\"article:modified_time\" content=\"2017-06-30T10:00:02+00:00\" \/>\n<meta name=\"twitter:card\" content=\"summary_large_image\" \/>\n<meta name=\"twitter:site\" content=\"@AcreSurveying\" \/>\n<meta name=\"twitter:label1\" content=\"Tiempo de lectura\" \/>\n\t<meta name=\"twitter:data1\" content=\"2 minutos\" \/>\n<!-- \/ Yoast SEO plugin. -->","yoast_head_json":{"title":"Marcas representadas | Grupo Acre Per\u00fa","description":"Como l\u00edderes en el mercado de la topograf\u00eda, en ACRE Espa\u00f1a tenemos el objetivo de satisfacer las exigencias de nuestros clientes, mediante nuestra","robots":{"index":"noindex","follow":"follow","max-snippet":"max-snippet:-1","max-image-preview":"max-image-preview:large","max-video-preview":"max-video-preview:-1"},"og_locale":"es_ES","og_type":"article","og_title":"Marcas representadas | Grupo Acre Per\u00fa","og_description":"Como l\u00edderes en el mercado de la topograf\u00eda, en ACRE Espa\u00f1a tenemos el objetivo de satisfacer las exigencias de nuestros clientes, mediante nuestra","og_url":"https:\/\/old.grupoacre.pe\/es\/marcas-topograficas\/","og_site_name":"Grupo Acre Per\u00fa","article_publisher":"https:\/\/www.facebook.com\/Acre.Surveying.Solutions","article_modified_time":"2017-06-30T10:00:02+00:00","twitter_card":"summary_large_image","twitter_site":"@AcreSurveying","twitter_misc":{"Tiempo de lectura":"2 minutos"},"schema":{"@context":"https:\/\/schema.org","@graph":[{"@type":"WebPage","@id":"https:\/\/old.grupoacre.pe\/es\/marcas-topograficas\/","url":"https:\/\/old.grupoacre.pe\/es\/marcas-topograficas\/","name":"Marcas representadas | Grupo Acre Per\u00fa","isPartOf":{"@id":"https:\/\/old.grupoacre.pe\/es\/#website"},"datePublished":"2017-03-27T15:48:20+00:00","dateModified":"2017-06-30T10:00:02+00:00","description":"Como l\u00edderes en el mercado de la topograf\u00eda, en ACRE Espa\u00f1a tenemos el objetivo de satisfacer las exigencias de nuestros clientes, mediante nuestra","breadcrumb":{"@id":"https:\/\/old.grupoacre.pe\/es\/marcas-topograficas\/#breadcrumb"},"inLanguage":"es","potentialAction":[{"@type":"ReadAction","target":[["https:\/\/old.grupoacre.pe\/es\/marcas-topograficas\/"]]}]},{"@type":"BreadcrumbList","@id":"https:\/\/old.grupoacre.pe\/es\/marcas-topograficas\/#breadcrumb","itemListElement":[{"@type":"ListItem","position":1,"name":"Portada","item":"https:\/\/old.grupoacre.pe\/es\/"},{"@type":"ListItem","position":2,"name":"Marcas representadas"}]},{"@type":"WebSite","@id":"https:\/\/old.grupoacre.pe\/es\/#website","url":"https:\/\/old.grupoacre.pe\/es\/","name":"Grupo Acre Per\u00fa","description":"Soluciones topogr\u00e1ficas","potentialAction":[{"@type":"SearchAction","target":{"@type":"EntryPoint","urlTemplate":"https:\/\/old.grupoacre.pe\/es\/?s={search_term_string}"},"query-input":{"@type":"PropertyValueSpecification","valueRequired":true,"valueName":"search_term_string"}}],"inLanguage":"es"}]}},"_links":{"self":[{"href":"https:\/\/old.grupoacre.pe\/es\/wp-json\/wp\/v2\/pages\/955","targetHints":{"allow":["GET"]}}],"collection":[{"href":"https:\/\/old.grupoacre.pe\/es\/wp-json\/wp\/v2\/pages"}],"about":[{"href":"https:\/\/old.grupoacre.pe\/es\/wp-json\/wp\/v2\/types\/page"}],"author":[{"embeddable":true,"href":"https:\/\/old.grupoacre.pe\/es\/wp-json\/wp\/v2\/users\/3"}],"replies":[{"embeddable":true,"href":"https:\/\/old.grupoacre.pe\/es\/wp-json\/wp\/v2\/comments?post=955"}],"version-history":[{"count":5,"href":"https:\/\/old.grupoacre.pe\/es\/wp-json\/wp\/v2\/pages\/955\/revisions"}],"predecessor-version":[{"id":83685,"href":"https:\/\/old.grupoacre.pe\/es\/wp-json\/wp\/v2\/pages\/955\/revisions\/83685"}],"wp:attachment":[{"href":"https:\/\/old.grupoacre.pe\/es\/wp-json\/wp\/v2\/media?parent=955"}],"curies":[{"name":"wp","href":"https:\/\/api.w.org\/{rel}","templated":true}]}}